{"id":27162,"date":"2025-12-01T14:05:09","date_gmt":"2025-12-01T13:05:09","guid":{"rendered":"https:\/\/www.mediclinics.com\/sin%20categor\u00eda\/all-in-one-sensor-water-tap\/"},"modified":"2026-03-04T09:55:04","modified_gmt":"2026-03-04T08:55:04","slug":"all-in-one-wasserhahn-mit-sensor-2","status":"publish","type":"product","link":"https:\/\/www.mediclinics.com\/de\/wasch-und-trocknereinheiten\/wandausfuehrung\/all-in-one-wasserhahn-mit-sensor-2\/","title":{"rendered":"All-in-One Wasserhahn mit Sensor"},"content":{"rendered":"<p>Der automatische Wasserhahn von Mediclinics vereint Hygiene, Komfort und modernes Design \u2013 ideal f\u00fcr jeden Waschraum. Der Infrarotsensor erm\u00f6glicht eine ber\u00fchrungslose Bedienung, w\u00e4hrend das verchromte Messing f\u00fcr Eleganz und Langlebigkeit sorgt.<\/p>\n<p>Wandmontage mit robustem und elegantem Design.<br \/>\nInfrarotsensor zur Handerkennung, Reichweite 5 \u2011 25\u202fcm.<br \/>\nKompatibel mit Netzadapter 220 \u2011 240\u202fV oder 4 x 1,5\u202fV AA-Batterien.<br \/>\nWassereingangsdruck: 0,5 \u2013 8 bar.<br \/>\nWasserdurchfluss bei 3\u202fbar: 5,0\u202fl\/min.<br \/>\nGesch\u00e4tzte Batterielebensdauer: 108.000 Zyklen.<br \/>\nAutomatische Sicherheitsabschaltung nach 60 Sekunden.<\/p>\n","protected":false},"excerpt":{"rendered":"<p>Ber\u00fchrungsloser, automatischer Wasserhahn von Mediclinics mit elegantem Design aus verchromtem Messing, sicher und besonders wassersparend.<\/p>\n","protected":false},"featured_media":27128,"comment_status":"closed","ping_status":"closed","template":"","meta":{"_acf_changed":false},"coleccion":[],"product_brand":[],"product_cat":[1139,1138],"product_tag":[],"class_list":{"0":"post-27162","1":"product","2":"type-product","3":"status-publish","4":"has-post-thumbnail","6":"mercado-internacional","7":"product_cat-wandausfuehrung","8":"product_cat-wasch-und-trocknereinheiten","9":"mediclinics-boxed-content","11":"first","12":"instock","13":"product-type-variable"},"acf":[],"_links":{"self":[{"href":"https:\/\/www.mediclinics.com\/de\/wp-json\/wp\/v2\/product\/27162","targetHints":{"allow":["GET"]}}],"collection":[{"href":"https:\/\/www.mediclinics.com\/de\/wp-json\/wp\/v2\/product"}],"about":[{"href":"https:\/\/www.mediclinics.com\/de\/wp-json\/wp\/v2\/types\/product"}],"replies":[{"embeddable":true,"href":"https:\/\/www.mediclinics.com\/de\/wp-json\/wp\/v2\/comments?post=27162"}],"wp:featuredmedia":[{"embeddable":true,"href":"https:\/\/www.mediclinics.com\/de\/wp-json\/wp\/v2\/media\/27128"}],"wp:attachment":[{"href":"https:\/\/www.mediclinics.com\/de\/wp-json\/wp\/v2\/media?parent=27162"}],"wp:term":[{"taxonomy":"coleccion","embeddable":true,"href":"https:\/\/www.mediclinics.com\/de\/wp-json\/wp\/v2\/coleccion?post=27162"},{"taxonomy":"product_brand","embeddable":true,"href":"https:\/\/www.mediclinics.com\/de\/wp-json\/wp\/v2\/product_brand?post=27162"},{"taxonomy":"product_cat","embeddable":true,"href":"https:\/\/www.mediclinics.com\/de\/wp-json\/wp\/v2\/product_cat?post=27162"},{"taxonomy":"product_tag","embeddable":true,"href":"https:\/\/www.mediclinics.com\/de\/wp-json\/wp\/v2\/product_tag?post=27162"}],"curies":[{"name":"wp","href":"https:\/\/api.w.org\/{rel}","templated":true}]}}