{"id":27184,"date":"2025-07-08T15:25:36","date_gmt":"2025-07-08T13:25:36","guid":{"rendered":"https:\/\/www.mediclinics.com\/unkategorisiert\/u-flow\/"},"modified":"2026-02-23T12:33:34","modified_gmt":"2026-02-23T11:33:34","slug":"u-flow","status":"publish","type":"product","link":"https:\/\/www.mediclinics.com\/de\/handetrockner\/eco-fast\/u-flow\/","title":{"rendered":"U-Flow"},"content":{"rendered":"<p><img loading=\"lazy\" decoding=\"async\" class=\"size-full wp-image-9667 alignnone\" src=\"https:\/\/www.mediclinics.com\/wp-content\/uploads\/2025\/07\/good-design-if-design-award-european-product-design.png\" alt=\"\" width=\"219\" height=\"50\" \/><\/p>\n<p>\u2022 Sein innovatives und ergonomisches U-f\u00f6rmiges Design erm\u00f6glicht die v\u00f6llige Bewegungsfreiheit der H\u00e4nde und macht das H\u00e4ndetrocknen zu einem einzigartigen Erlebnis in Sachen Schutz und Hygiene.<\/p>\n<p>\u2022 Inklusive Montagekit mit Plug-in-System f\u00fcr eine einfache, schnelle und sichere Montage und Demontage des H\u00e4ndetrockners.<\/p>\n<p>\u2022 Enth\u00e4lt einen HEPA-Filter, der Schwebstoffe wie Pollen, Hausstaubmilben oder Tabakrauch zuverl\u00e4ssig aus der Luft filtert und so die Luftqualit\u00e4t deutlich verbessert.<\/p>\n<p>\u2022 Ausgestattet mit einem Ionisator (\u201eIon Hygienic\u201c-Technologie), der einen Gro\u00dfteil der in der Luft befindlichen Partikel und Keime entfernt, was f\u00fcr eine sp\u00fcrbar ges\u00fcndere und reinere Raumluft sorgt.<\/p>\n<p>\u2022 Antimikrobieller und antibakterieller BioCote\u00ae-Schutz, der das Wachstum von Mikroben wie Bakterien und Schimmel um bis zu 99,9\u00a0% reduziert.<\/p>\n","protected":false},"excerpt":{"rendered":"<p>Neuer automatischer Hands-in-H\u00e4ndetrockner U-Flow \u00ae in modernem U-Design.<\/p>\n","protected":false},"featured_media":27177,"comment_status":"closed","ping_status":"closed","template":"","meta":{"_acf_changed":false},"coleccion":[819,415],"product_brand":[],"product_cat":[1195,1196,1197],"product_tag":[1174,1243],"class_list":{"0":"post-27184","1":"product","2":"type-product","3":"status-publish","4":"has-post-thumbnail","6":"coleccion-contract","7":"coleccion-elegant","8":"mercado-internacional","9":"product_cat-eco-fast","10":"product_cat-handetrockner","11":"product_cat-hohe-nutzungsfrequenz","12":"product_tag-automatisch","13":"product_tag-buerstenlos","14":"mediclinics-boxed-content","16":"first","17":"instock","18":"product-type-variable"},"acf":[],"_links":{"self":[{"href":"https:\/\/www.mediclinics.com\/de\/wp-json\/wp\/v2\/product\/27184","targetHints":{"allow":["GET"]}}],"collection":[{"href":"https:\/\/www.mediclinics.com\/de\/wp-json\/wp\/v2\/product"}],"about":[{"href":"https:\/\/www.mediclinics.com\/de\/wp-json\/wp\/v2\/types\/product"}],"replies":[{"embeddable":true,"href":"https:\/\/www.mediclinics.com\/de\/wp-json\/wp\/v2\/comments?post=27184"}],"wp:featuredmedia":[{"embeddable":true,"href":"https:\/\/www.mediclinics.com\/de\/wp-json\/wp\/v2\/media\/27177"}],"wp:attachment":[{"href":"https:\/\/www.mediclinics.com\/de\/wp-json\/wp\/v2\/media?parent=27184"}],"wp:term":[{"taxonomy":"coleccion","embeddable":true,"href":"https:\/\/www.mediclinics.com\/de\/wp-json\/wp\/v2\/coleccion?post=27184"},{"taxonomy":"product_brand","embeddable":true,"href":"https:\/\/www.mediclinics.com\/de\/wp-json\/wp\/v2\/product_brand?post=27184"},{"taxonomy":"product_cat","embeddable":true,"href":"https:\/\/www.mediclinics.com\/de\/wp-json\/wp\/v2\/product_cat?post=27184"},{"taxonomy":"product_tag","embeddable":true,"href":"https:\/\/www.mediclinics.com\/de\/wp-json\/wp\/v2\/product_tag?post=27184"}],"curies":[{"name":"wp","href":"https:\/\/api.w.org\/{rel}","templated":true}]}}