{"id":32114,"date":"2025-12-01T11:47:25","date_gmt":"2025-12-01T10:47:25","guid":{"rendered":"https:\/\/www.mediclinics.com\/unkategorisiert\/mediclinics-all-in-one-washbasins-2\/"},"modified":"2026-04-08T13:32:48","modified_gmt":"2026-04-08T11:32:48","slug":"mediclinics-all-in-one-fuer-waschtische-2","status":"publish","type":"product","link":"https:\/\/www.mediclinics.com\/de\/wasch-und-trocknereinheiten\/waschbecken\/mediclinics-all-in-one-fuer-waschtische-2\/","title":{"rendered":"Mediclinics All-in-One f\u00fcr Waschtische"},"content":{"rendered":"<p>Das dreiteilige All-in-One-Set f\u00fcr den Waschtisch vereint Wasserhahn, Seifenspender und automatischen H\u00e4ndetrockner auf kleinstem Raum \u2013 eine kompakte und elegante L\u00f6sung f\u00fcr stark frequentierte Waschr\u00e4ume.<\/p>\n<p>\u2022 Konzipiert f\u00fcr maximalen Komfort und Effizienz: Vermeidet unn\u00f6tige Wege, optimiert das Raumangebot und sorgt dank der vollautomatischen Bedienung und intuitiver Piktogramme f\u00fcr ein verbessertes Nutzererlebnis.<\/p>\n<p>\u2022 Modernes, funktionales Design mit klaren Linien und fortschrittlicher Technik \u2013 f\u00fcr eine schnelle, sichere und ber\u00fchrungslose Anwendung.<\/p>\n<p>\u2022 Es wird standardm\u00e4\u00dfig mit einem Plug-in-System geliefert, das eine schnelle Installation und eine einfache Wartung gew\u00e4hrleistet.<\/p>\n<p>\u2022 Das System ist \u00e4u\u00dferst hygienisch: Es ist standardm\u00e4\u00dfig mit einem HEPA-Filtermedium und einem Ionisator (Ion Hygienic\u00ae-Technologie) ausgestattet, f\u00fcr eine noch umfassendere Luftreinigung.<\/p>\n<p>\u2022 Der H\u00e4ndetrockner ist mit einem Machflow\u00ae Plus Motor mit regulierbarer Drehzahl und Heizleistung ausgestattet, was ein schnelles Trocknen bei niedrigem Verbrauch gew\u00e4hrleistet.<\/p>\n<p>\u2022 Mit einem 1,5-Liter-Seifenbeh\u00e4lter, der leicht entnommen und nachgef\u00fcllt werden kann, sowie einem direkten Wasseranschluss f\u00fcr eine besonders einfache und praktische Installation.<\/p>\n","protected":false},"excerpt":{"rendered":"<p>All-in-One-L\u00f6sung bestehend aus Wasserhahn, Seifenspender und H\u00e4ndetrockner \u2013 f\u00fcr effiziente und hygienische Waschr\u00e4ume.<\/p>\n","protected":false},"featured_media":30263,"comment_status":"closed","ping_status":"closed","template":"","meta":{"_acf_changed":false},"coleccion":[],"product_brand":[],"product_cat":[1138,1142],"product_tag":[],"class_list":{"0":"post-32114","1":"product","2":"type-product","3":"status-publish","4":"has-post-thumbnail","6":"mercado-internacional","7":"product_cat-wasch-und-trocknereinheiten","8":"product_cat-waschbecken","9":"mediclinics-boxed-content","11":"first","12":"instock","13":"product-type-variable"},"acf":[],"_links":{"self":[{"href":"https:\/\/www.mediclinics.com\/de\/wp-json\/wp\/v2\/product\/32114","targetHints":{"allow":["GET"]}}],"collection":[{"href":"https:\/\/www.mediclinics.com\/de\/wp-json\/wp\/v2\/product"}],"about":[{"href":"https:\/\/www.mediclinics.com\/de\/wp-json\/wp\/v2\/types\/product"}],"replies":[{"embeddable":true,"href":"https:\/\/www.mediclinics.com\/de\/wp-json\/wp\/v2\/comments?post=32114"}],"wp:featuredmedia":[{"embeddable":true,"href":"https:\/\/www.mediclinics.com\/de\/wp-json\/wp\/v2\/media\/30263"}],"wp:attachment":[{"href":"https:\/\/www.mediclinics.com\/de\/wp-json\/wp\/v2\/media?parent=32114"}],"wp:term":[{"taxonomy":"coleccion","embeddable":true,"href":"https:\/\/www.mediclinics.com\/de\/wp-json\/wp\/v2\/coleccion?post=32114"},{"taxonomy":"product_brand","embeddable":true,"href":"https:\/\/www.mediclinics.com\/de\/wp-json\/wp\/v2\/product_brand?post=32114"},{"taxonomy":"product_cat","embeddable":true,"href":"https:\/\/www.mediclinics.com\/de\/wp-json\/wp\/v2\/product_cat?post=32114"},{"taxonomy":"product_tag","embeddable":true,"href":"https:\/\/www.mediclinics.com\/de\/wp-json\/wp\/v2\/product_tag?post=32114"}],"curies":[{"name":"wp","href":"https:\/\/api.w.org\/{rel}","templated":true}]}}