{"id":32120,"date":"2025-12-01T11:15:22","date_gmt":"2025-12-01T10:15:22","guid":{"rendered":"https:\/\/www.mediclinics.com\/unkategorisiert\/all-in-one-sensor-water-tap\/"},"modified":"2026-04-22T11:47:05","modified_gmt":"2026-04-22T09:47:05","slug":"all-in-one-wasserhahn-mit-sensor","status":"publish","type":"product","link":"https:\/\/www.mediclinics.com\/de\/wasch-und-trocknereinheiten\/waschbecken\/all-in-one-wasserhahn-mit-sensor\/","title":{"rendered":"All-in-One Wasserhahn mit Sensor"},"content":{"rendered":"<p>Automatischer Wasserhahn aus verchromtem Messing, erh\u00e4ltlich in gl\u00e4nzender oder schwarzer Ausf\u00fchrung, der dank ber\u00fchrungsloser Sensortechnologie eine hygienische und effiziente Wasserausgabe gew\u00e4hrleistet.<\/p>\n<p>\u2022 Ber\u00fchrungsloser, automatischer Betrieb f\u00fcr maximale Hygiene und einen besonders effizienten Wasserverbrauch.<br \/>\n\u2022 Der Sensor ist direkt am Wasserauslauf positioniert und erm\u00f6glicht so einen pr\u00e4zisen und optimalen Wasserfluss.<br \/>\n\u2022 Einzeln einsetzbar oder in Kombination mit einem automatischen H\u00e4ndetrockner.<br \/>\n\u2022 Hergestellt aus hochwertigem, verchromtem Messing, wahlweise in gl\u00e4nzender oder schwarzer Ausf\u00fchrung.<\/p>\n","protected":false},"excerpt":{"rendered":"<p>Automatischer Wasserhahn aus verchromtem Messing f\u00fcr eine hygienische, effiziente und ber\u00fchrungslose Nutzung.<\/p>\n","protected":false},"featured_media":30242,"comment_status":"closed","ping_status":"closed","template":"","meta":{"_acf_changed":false},"coleccion":[],"product_brand":[],"product_cat":[1138,1142],"product_tag":[],"class_list":{"0":"post-32120","1":"product","2":"type-product","3":"status-publish","4":"has-post-thumbnail","6":"mercado-internacional","7":"product_cat-wasch-und-trocknereinheiten","8":"product_cat-waschbecken","9":"mediclinics-boxed-content","11":"first","12":"instock","13":"product-type-variable"},"acf":[],"_links":{"self":[{"href":"https:\/\/www.mediclinics.com\/de\/wp-json\/wp\/v2\/product\/32120","targetHints":{"allow":["GET"]}}],"collection":[{"href":"https:\/\/www.mediclinics.com\/de\/wp-json\/wp\/v2\/product"}],"about":[{"href":"https:\/\/www.mediclinics.com\/de\/wp-json\/wp\/v2\/types\/product"}],"replies":[{"embeddable":true,"href":"https:\/\/www.mediclinics.com\/de\/wp-json\/wp\/v2\/comments?post=32120"}],"wp:featuredmedia":[{"embeddable":true,"href":"https:\/\/www.mediclinics.com\/de\/wp-json\/wp\/v2\/media\/30242"}],"wp:attachment":[{"href":"https:\/\/www.mediclinics.com\/de\/wp-json\/wp\/v2\/media?parent=32120"}],"wp:term":[{"taxonomy":"coleccion","embeddable":true,"href":"https:\/\/www.mediclinics.com\/de\/wp-json\/wp\/v2\/coleccion?post=32120"},{"taxonomy":"product_brand","embeddable":true,"href":"https:\/\/www.mediclinics.com\/de\/wp-json\/wp\/v2\/product_brand?post=32120"},{"taxonomy":"product_cat","embeddable":true,"href":"https:\/\/www.mediclinics.com\/de\/wp-json\/wp\/v2\/product_cat?post=32120"},{"taxonomy":"product_tag","embeddable":true,"href":"https:\/\/www.mediclinics.com\/de\/wp-json\/wp\/v2\/product_tag?post=32120"}],"curies":[{"name":"wp","href":"https:\/\/api.w.org\/{rel}","templated":true}]}}