{"id":32135,"date":"2025-10-15T14:36:12","date_gmt":"2025-10-15T12:36:12","guid":{"rendered":"https:\/\/www.mediclinics.com\/unkategorisiert\/soap-dispenser-included-support-behind-the-mirror\/"},"modified":"2026-03-24T12:20:43","modified_gmt":"2026-03-24T11:20:43","slug":"seifenspender-mit-halterung-fuer-die-montage-hinter-dem-spiegel","status":"publish","type":"product","link":"https:\/\/www.mediclinics.com\/de\/hinterspiegel-einbaulosungen\/module\/seifenspender-mit-halterung-fuer-die-montage-hinter-dem-spiegel\/","title":{"rendered":"Seifenspender mit Halterung f\u00fcr die Montage hinter dem Spiegel"},"content":{"rendered":"<p>Automatischer Fl\u00fcssigseifenspender f\u00fcr die Montage hinter dem Spiegel<\/p>\n<p>\u2022 Die ideale L\u00f6sung, wenn Sie den Schrank selbst installieren.<br \/>\n\u2022 Automatischer, nachf\u00fcllbarer Fl\u00fcssigseifenspender mit einem Fassungsverm\u00f6gen von bis zu 1,8 l.<br \/>\n\u2022 Inklusive Halterung. Einfache Montage in Ihrem Schrank und die Module sind individuell einstellbar.<br \/>\n\u2022Betriebsspannung 220 &#8211; 240\u00a0V, 50\/60\u00a0Hz.<br \/>\n\u2022Batteriebetrieb mit 4x AA-Batterien (optional).<\/p>\n","protected":false},"excerpt":{"rendered":"<p>Papierhandtuchspender mit Halterung f\u00fcr die Montage hinter dem Spiegel<\/p>\n","protected":false},"featured_media":33113,"comment_status":"closed","ping_status":"closed","template":"","meta":{"_acf_changed":false},"coleccion":[],"product_brand":[],"product_cat":[1187,1188],"product_tag":[1260],"class_list":{"0":"post-32135","1":"product","2":"type-product","3":"status-publish","4":"has-post-thumbnail","6":"mercado-internacional","7":"product_cat-hinterspiegel-einbaulosungen","8":"product_cat-module","9":"product_tag-mit-unterstuetzung","10":"mediclinics-boxed-content","12":"first","13":"instock","14":"product-type-simple"},"acf":[],"_links":{"self":[{"href":"https:\/\/www.mediclinics.com\/de\/wp-json\/wp\/v2\/product\/32135","targetHints":{"allow":["GET"]}}],"collection":[{"href":"https:\/\/www.mediclinics.com\/de\/wp-json\/wp\/v2\/product"}],"about":[{"href":"https:\/\/www.mediclinics.com\/de\/wp-json\/wp\/v2\/types\/product"}],"replies":[{"embeddable":true,"href":"https:\/\/www.mediclinics.com\/de\/wp-json\/wp\/v2\/comments?post=32135"}],"wp:featuredmedia":[{"embeddable":true,"href":"https:\/\/www.mediclinics.com\/de\/wp-json\/wp\/v2\/media\/33113"}],"wp:attachment":[{"href":"https:\/\/www.mediclinics.com\/de\/wp-json\/wp\/v2\/media?parent=32135"}],"wp:term":[{"taxonomy":"coleccion","embeddable":true,"href":"https:\/\/www.mediclinics.com\/de\/wp-json\/wp\/v2\/coleccion?post=32135"},{"taxonomy":"product_brand","embeddable":true,"href":"https:\/\/www.mediclinics.com\/de\/wp-json\/wp\/v2\/product_brand?post=32135"},{"taxonomy":"product_cat","embeddable":true,"href":"https:\/\/www.mediclinics.com\/de\/wp-json\/wp\/v2\/product_cat?post=32135"},{"taxonomy":"product_tag","embeddable":true,"href":"https:\/\/www.mediclinics.com\/de\/wp-json\/wp\/v2\/product_tag?post=32135"}],"curies":[{"name":"wp","href":"https:\/\/api.w.org\/{rel}","templated":true}]}}