{"id":32138,"date":"2025-10-15T14:36:04","date_gmt":"2025-10-15T12:36:04","guid":{"rendered":"https:\/\/www.mediclinics.com\/unkategorisiert\/fixed-black-mirror-700x500-mm\/"},"modified":"2026-03-03T14:34:02","modified_gmt":"2026-03-03T13:34:02","slug":"fest-montierter-spiegel-in-schwarz-700-x-500-mm","status":"publish","type":"product","link":"https:\/\/www.mediclinics.com\/de\/weitere-mobilitatshilfen\/spiegel\/fest-montierter-spiegel-in-schwarz-700-x-500-mm\/","title":{"rendered":"Fest montierter Spiegel in schwarz, 700 x 500 mm"},"content":{"rendered":"<p>Rechteckiger, fest montierter Spiegel mit einteiligem Rahmen aus 1 mm starkem Edelstahl AISI 304 und mit schwarzer Epoxidbeschichtung.<\/p>\n<p>\u2022 6 mm starkes Glas.<br \/>\n\u2022 R\u00fcckseite mit 10 mm starker, feuchtigkeitsbest\u00e4ndiger MDF-Platte zur Verst\u00e4rkung des Glases \u2013 f\u00fcr mehr Stabilit\u00e4t und eine l\u00e4ngere Lebensdauer.<br \/>\n\u2022 Gute Korrosionsbest\u00e4ndigkeit.<\/p>\n","protected":false},"excerpt":{"rendered":"<p>Rechteckiger, fest montierter Spiegel mit einteiligem Rahmen aus Edelstahl AISI\u00a0304.<\/p>\n","protected":false},"featured_media":30071,"comment_status":"closed","ping_status":"closed","template":"","meta":{"_acf_changed":false},"coleccion":[],"product_brand":[],"product_cat":[1206,1204],"product_tag":[1266],"class_list":{"0":"post-32138","1":"product","2":"type-product","3":"status-publish","4":"has-post-thumbnail","6":"mercado-internacional","7":"product_cat-spiegel","8":"product_cat-weitere-mobilitatshilfen","9":"product_tag-behoben","10":"mediclinics-boxed-content","12":"first","13":"instock","14":"product-type-variable"},"acf":[],"_links":{"self":[{"href":"https:\/\/www.mediclinics.com\/de\/wp-json\/wp\/v2\/product\/32138","targetHints":{"allow":["GET"]}}],"collection":[{"href":"https:\/\/www.mediclinics.com\/de\/wp-json\/wp\/v2\/product"}],"about":[{"href":"https:\/\/www.mediclinics.com\/de\/wp-json\/wp\/v2\/types\/product"}],"replies":[{"embeddable":true,"href":"https:\/\/www.mediclinics.com\/de\/wp-json\/wp\/v2\/comments?post=32138"}],"wp:featuredmedia":[{"embeddable":true,"href":"https:\/\/www.mediclinics.com\/de\/wp-json\/wp\/v2\/media\/30071"}],"wp:attachment":[{"href":"https:\/\/www.mediclinics.com\/de\/wp-json\/wp\/v2\/media?parent=32138"}],"wp:term":[{"taxonomy":"coleccion","embeddable":true,"href":"https:\/\/www.mediclinics.com\/de\/wp-json\/wp\/v2\/coleccion?post=32138"},{"taxonomy":"product_brand","embeddable":true,"href":"https:\/\/www.mediclinics.com\/de\/wp-json\/wp\/v2\/product_brand?post=32138"},{"taxonomy":"product_cat","embeddable":true,"href":"https:\/\/www.mediclinics.com\/de\/wp-json\/wp\/v2\/product_cat?post=32138"},{"taxonomy":"product_tag","embeddable":true,"href":"https:\/\/www.mediclinics.com\/de\/wp-json\/wp\/v2\/product_tag?post=32138"}],"curies":[{"name":"wp","href":"https:\/\/api.w.org\/{rel}","templated":true}]}}