{"id":32142,"date":"2025-10-15T14:36:04","date_gmt":"2025-10-15T12:36:04","guid":{"rendered":"https:\/\/www.mediclinics.com\/unkategorisiert\/tilting-mirror-800x600-mm\/"},"modified":"2026-04-15T14:06:48","modified_gmt":"2026-04-15T12:06:48","slug":"kippspiegel-800-x-600-mm","status":"publish","type":"product","link":"https:\/\/www.mediclinics.com\/de\/weitere-mobilitatshilfen\/spiegel\/kippspiegel-800-x-600-mm\/","title":{"rendered":"Kippspiegel, 800 x 600 mm"},"content":{"rendered":"<p>Kippspiegel mit Rahmen aus wei\u00df epoxidbeschichtetem Stahl (EP0300) oder aus Edelstahl AISI 304 in seidenmattem Finish (EP0300CS und EP0400CS).<\/p>\n<p>\u2022 1,5 mm stark mit verschwei\u00dften und polierten Ecken.<br \/>\n\u2022 Ideal f\u00fcr barrierefreie Sanit\u00e4rbereiche in \u00f6ffentlichen und gewerblichen Einrichtungen<br \/>\n\u2022 Modelle geeignet f\u00fcr \u00f6ffentliche und gewerbliche Einrichtungen.<br \/>\n\u2022 Extrem langlebig und korrosionsbest\u00e4ndig.<br \/>\n\u2022 Befestigungsmaterial zur Montage an Ziegelw\u00e4nden ist serienm\u00e4\u00dfig enthalten.<\/p>\n","protected":false},"excerpt":{"rendered":"<p>Kippspiegel mit Rahmen aus Edelstahl AISI 304 in seidenmattem Finish<\/p>\n","protected":false},"featured_media":30062,"comment_status":"closed","ping_status":"closed","template":"","meta":{"_acf_changed":false},"coleccion":[],"product_brand":[],"product_cat":[1206,1204],"product_tag":[1266],"class_list":{"0":"post-32142","1":"product","2":"type-product","3":"status-publish","4":"has-post-thumbnail","6":"mercado-internacional","7":"product_cat-spiegel","8":"product_cat-weitere-mobilitatshilfen","9":"product_tag-behoben","10":"mediclinics-boxed-content","12":"first","13":"instock","14":"product-type-simple"},"acf":[],"_links":{"self":[{"href":"https:\/\/www.mediclinics.com\/de\/wp-json\/wp\/v2\/product\/32142","targetHints":{"allow":["GET"]}}],"collection":[{"href":"https:\/\/www.mediclinics.com\/de\/wp-json\/wp\/v2\/product"}],"about":[{"href":"https:\/\/www.mediclinics.com\/de\/wp-json\/wp\/v2\/types\/product"}],"replies":[{"embeddable":true,"href":"https:\/\/www.mediclinics.com\/de\/wp-json\/wp\/v2\/comments?post=32142"}],"wp:featuredmedia":[{"embeddable":true,"href":"https:\/\/www.mediclinics.com\/de\/wp-json\/wp\/v2\/media\/30062"}],"wp:attachment":[{"href":"https:\/\/www.mediclinics.com\/de\/wp-json\/wp\/v2\/media?parent=32142"}],"wp:term":[{"taxonomy":"coleccion","embeddable":true,"href":"https:\/\/www.mediclinics.com\/de\/wp-json\/wp\/v2\/coleccion?post=32142"},{"taxonomy":"product_brand","embeddable":true,"href":"https:\/\/www.mediclinics.com\/de\/wp-json\/wp\/v2\/product_brand?post=32142"},{"taxonomy":"product_cat","embeddable":true,"href":"https:\/\/www.mediclinics.com\/de\/wp-json\/wp\/v2\/product_cat?post=32142"},{"taxonomy":"product_tag","embeddable":true,"href":"https:\/\/www.mediclinics.com\/de\/wp-json\/wp\/v2\/product_tag?post=32142"}],"curies":[{"name":"wp","href":"https:\/\/api.w.org\/{rel}","templated":true}]}}