{"id":32143,"date":"2025-10-15T14:36:04","date_gmt":"2025-10-15T12:36:04","guid":{"rendered":"https:\/\/www.mediclinics.com\/unkategorisiert\/tilting-mirror-700x500-mm\/"},"modified":"2026-04-15T14:05:54","modified_gmt":"2026-04-15T12:05:54","slug":"kippspiegel-700-x-500-mm","status":"publish","type":"product","link":"https:\/\/www.mediclinics.com\/de\/weitere-mobilitatshilfen\/spiegel\/kippspiegel-700-x-500-mm\/","title":{"rendered":"Kippspiegel, 700 x 500 mm"},"content":{"rendered":"<p>Kippspiegel mit Rahmen aus 1,5 mm starkem Edelstahl, mit verschwei\u00dften und polierten Ecken.<\/p>\n<p>\u2022 Ideal f\u00fcr barrierefreie Sanit\u00e4rbereiche in \u00f6ffentlichen und gewerblichen Einrichtungen<br \/>\n\u2022 Modelle geeignet f\u00fcr \u00f6ffentliche und gewerbliche Einrichtungen.<br \/>\n\u2022 Extrem langlebig und korrosionsbest\u00e4ndig.<br \/>\n\u2022 Befestigungsmaterial zur Montage an Ziegelw\u00e4nden ist serienm\u00e4\u00dfig enthalten.<\/p>\n","protected":false},"excerpt":{"rendered":"<p>Kippspiegel mit Edelstahlrahmen<\/p>\n","protected":false},"featured_media":30061,"comment_status":"closed","ping_status":"closed","template":"","meta":{"_acf_changed":false},"coleccion":[],"product_brand":[],"product_cat":[1206,1204],"product_tag":[1266],"class_list":{"0":"post-32143","1":"product","2":"type-product","3":"status-publish","4":"has-post-thumbnail","6":"mercado-internacional","7":"product_cat-spiegel","8":"product_cat-weitere-mobilitatshilfen","9":"product_tag-behoben","10":"mediclinics-boxed-content","12":"first","13":"instock","14":"product-type-variable"},"acf":[],"_links":{"self":[{"href":"https:\/\/www.mediclinics.com\/de\/wp-json\/wp\/v2\/product\/32143","targetHints":{"allow":["GET"]}}],"collection":[{"href":"https:\/\/www.mediclinics.com\/de\/wp-json\/wp\/v2\/product"}],"about":[{"href":"https:\/\/www.mediclinics.com\/de\/wp-json\/wp\/v2\/types\/product"}],"replies":[{"embeddable":true,"href":"https:\/\/www.mediclinics.com\/de\/wp-json\/wp\/v2\/comments?post=32143"}],"wp:featuredmedia":[{"embeddable":true,"href":"https:\/\/www.mediclinics.com\/de\/wp-json\/wp\/v2\/media\/30061"}],"wp:attachment":[{"href":"https:\/\/www.mediclinics.com\/de\/wp-json\/wp\/v2\/media?parent=32143"}],"wp:term":[{"taxonomy":"coleccion","embeddable":true,"href":"https:\/\/www.mediclinics.com\/de\/wp-json\/wp\/v2\/coleccion?post=32143"},{"taxonomy":"product_brand","embeddable":true,"href":"https:\/\/www.mediclinics.com\/de\/wp-json\/wp\/v2\/product_brand?post=32143"},{"taxonomy":"product_cat","embeddable":true,"href":"https:\/\/www.mediclinics.com\/de\/wp-json\/wp\/v2\/product_cat?post=32143"},{"taxonomy":"product_tag","embeddable":true,"href":"https:\/\/www.mediclinics.com\/de\/wp-json\/wp\/v2\/product_tag?post=32143"}],"curies":[{"name":"wp","href":"https:\/\/api.w.org\/{rel}","templated":true}]}}