{"id":32151,"date":"2025-10-15T14:35:53","date_gmt":"2025-10-15T12:35:53","guid":{"rendered":"https:\/\/www.mediclinics.com\/unkategorisiert\/foldable-seat-wall-support\/"},"modified":"2026-03-03T15:00:39","modified_gmt":"2026-03-03T14:00:39","slug":"klappsitz-mit-wandstuetze","status":"publish","type":"product","link":"https:\/\/www.mediclinics.com\/de\/weitere-mobilitatshilfen\/sitze\/klappsitz-mit-wandstuetze\/","title":{"rendered":"Klappsitz mit Wandst\u00fctze"},"content":{"rendered":"<p>Klappsitz mit Fu\u00dfst\u00fctze zur Wandmontage, aus elfenbeinfarbener Phenolharzplatte und Edelstahl AISI 304 mit seidenmattem Finish.<\/p>\n<p>\u2022 Wasserfester Duschsitz, pflegeleicht und besonders langlebig.<br \/>\n\u2022 Geeignet f\u00fcr barrierefreie Sanit\u00e4rr\u00e4ume, ideal f\u00fcr Senioren oder Menschen mit eingeschr\u00e4nkter Mobilit\u00e4t und \u00f6ffentliche und gewerbliche Einrichtungen.<br \/>\n\u2022 Inklusive vertikalem Verriegelungssystem, das den Sitz bis zur Nutzung sicher in aufrechter Position h\u00e4lt.<br \/>\n\u2022 Der Sitz wird in horizontaler Position verwendet; die hochgeklappte Position dient nur der Barrierefreiheit.<br \/>\n\u2022 Das Befestigungsmaterial f\u00fcr die Wand ist nicht im Lieferumfang enthalten; es wird empfohlen, entsprechend der Wandbeschaffenheit geeignete und aus Edelstahl gefertigte Befestigungselemente zu verwenden.<\/p>\n","protected":false},"excerpt":{"rendered":"<p>Klappsitz mit Fu\u00dfst\u00fctze, aus Phenolharz und Edelstahl in seidenmattem Finish.<\/p>\n","protected":false},"featured_media":29836,"comment_status":"closed","ping_status":"closed","template":"","meta":{"_acf_changed":false},"coleccion":[],"product_brand":[],"product_cat":[1208,1204],"product_tag":[1181],"class_list":{"0":"post-32151","1":"product","2":"type-product","3":"status-publish","4":"has-post-thumbnail","6":"mercado-internacional","7":"product_cat-sitze","8":"product_cat-weitere-mobilitatshilfen","9":"product_tag-duschsitze","10":"mediclinics-boxed-content","12":"first","13":"instock","14":"product-type-simple"},"acf":[],"_links":{"self":[{"href":"https:\/\/www.mediclinics.com\/de\/wp-json\/wp\/v2\/product\/32151","targetHints":{"allow":["GET"]}}],"collection":[{"href":"https:\/\/www.mediclinics.com\/de\/wp-json\/wp\/v2\/product"}],"about":[{"href":"https:\/\/www.mediclinics.com\/de\/wp-json\/wp\/v2\/types\/product"}],"replies":[{"embeddable":true,"href":"https:\/\/www.mediclinics.com\/de\/wp-json\/wp\/v2\/comments?post=32151"}],"wp:featuredmedia":[{"embeddable":true,"href":"https:\/\/www.mediclinics.com\/de\/wp-json\/wp\/v2\/media\/29836"}],"wp:attachment":[{"href":"https:\/\/www.mediclinics.com\/de\/wp-json\/wp\/v2\/media?parent=32151"}],"wp:term":[{"taxonomy":"coleccion","embeddable":true,"href":"https:\/\/www.mediclinics.com\/de\/wp-json\/wp\/v2\/coleccion?post=32151"},{"taxonomy":"product_brand","embeddable":true,"href":"https:\/\/www.mediclinics.com\/de\/wp-json\/wp\/v2\/product_brand?post=32151"},{"taxonomy":"product_cat","embeddable":true,"href":"https:\/\/www.mediclinics.com\/de\/wp-json\/wp\/v2\/product_cat?post=32151"},{"taxonomy":"product_tag","embeddable":true,"href":"https:\/\/www.mediclinics.com\/de\/wp-json\/wp\/v2\/product_tag?post=32151"}],"curies":[{"name":"wp","href":"https:\/\/api.w.org\/{rel}","templated":true}]}}