{"id":32152,"date":"2025-10-15T14:35:53","date_gmt":"2025-10-15T12:35:53","guid":{"rendered":"https:\/\/www.mediclinics.com\/unkategorisiert\/foldable-seat-floor-support\/"},"modified":"2026-03-03T15:03:47","modified_gmt":"2026-03-03T14:03:47","slug":"klappsitz-mit-bodenstuetze","status":"publish","type":"product","link":"https:\/\/www.mediclinics.com\/de\/weitere-mobilitatshilfen\/sitze\/klappsitz-mit-bodenstuetze\/","title":{"rendered":"Klappsitz mit Bodenst\u00fctze"},"content":{"rendered":"<p>Klappbarer Duschsitz mit Rahmenkonstruktion und Lamellen aus Edelstahl AISI 304 sowie Wandst\u00fctze aus demselben Material.<\/p>\n<p>\u2022 Sitz f\u00fcr Duschen und Umkleider\u00e4ume, insbesondere f\u00fcr Menschen mit eingeschr\u00e4nkter Mobilit\u00e4t oder Senioren.<br \/>\n\u2022 Perfekt f\u00fcr barrierefreie Sanit\u00e4rr\u00e4ume und \u00f6ffentliche Einrichtungen, mit einem Verriegelungssystem, das den Sitz bis zur Benutzung in vertikaler Position h\u00e4lt.<br \/>\n\u2022 Der Sitz wird in horizontaler Position genutzt und nur zur besseren Zug\u00e4nglichkeit hochgeklappt.<br \/>\n\u2022 Wasserfest und besonders leicht zu reinigen. Lange Lebensdauer. Befestigungsmaterial f\u00fcr die Montage an Ziegelw\u00e4nden im Lieferumfang enthalten.<br \/>\n\u2022 Gem\u00e4\u00df der Norm UNE\u00a0EN\u00a016139 f\u00fcr Sicherheit, Festigkeit und Dauerhaltbarkeit.<\/p>\n","protected":false},"excerpt":{"rendered":"<p>Klappbarer Duschsitz aus Edelstahl AISI 304<\/p>\n","protected":false},"featured_media":29839,"comment_status":"closed","ping_status":"closed","template":"","meta":{"_acf_changed":false},"coleccion":[],"product_brand":[],"product_cat":[1208,1204],"product_tag":[1181],"class_list":{"0":"post-32152","1":"product","2":"type-product","3":"status-publish","4":"has-post-thumbnail","6":"mercado-internacional","7":"product_cat-sitze","8":"product_cat-weitere-mobilitatshilfen","9":"product_tag-duschsitze","10":"mediclinics-boxed-content","12":"first","13":"instock","14":"product-type-variable"},"acf":[],"_links":{"self":[{"href":"https:\/\/www.mediclinics.com\/de\/wp-json\/wp\/v2\/product\/32152","targetHints":{"allow":["GET"]}}],"collection":[{"href":"https:\/\/www.mediclinics.com\/de\/wp-json\/wp\/v2\/product"}],"about":[{"href":"https:\/\/www.mediclinics.com\/de\/wp-json\/wp\/v2\/types\/product"}],"replies":[{"embeddable":true,"href":"https:\/\/www.mediclinics.com\/de\/wp-json\/wp\/v2\/comments?post=32152"}],"wp:featuredmedia":[{"embeddable":true,"href":"https:\/\/www.mediclinics.com\/de\/wp-json\/wp\/v2\/media\/29839"}],"wp:attachment":[{"href":"https:\/\/www.mediclinics.com\/de\/wp-json\/wp\/v2\/media?parent=32152"}],"wp:term":[{"taxonomy":"coleccion","embeddable":true,"href":"https:\/\/www.mediclinics.com\/de\/wp-json\/wp\/v2\/coleccion?post=32152"},{"taxonomy":"product_brand","embeddable":true,"href":"https:\/\/www.mediclinics.com\/de\/wp-json\/wp\/v2\/product_brand?post=32152"},{"taxonomy":"product_cat","embeddable":true,"href":"https:\/\/www.mediclinics.com\/de\/wp-json\/wp\/v2\/product_cat?post=32152"},{"taxonomy":"product_tag","embeddable":true,"href":"https:\/\/www.mediclinics.com\/de\/wp-json\/wp\/v2\/product_tag?post=32152"}],"curies":[{"name":"wp","href":"https:\/\/api.w.org\/{rel}","templated":true}]}}