{"id":32162,"date":"2025-10-15T14:34:25","date_gmt":"2025-10-15T12:34:25","guid":{"rendered":"https:\/\/www.mediclinics.com\/unkategorisiert\/two-wall-angled-grab-bar-3-mounting-points\/"},"modified":"2026-02-27T14:49:42","modified_gmt":"2026-02-27T13:49:42","slug":"eck-griffstange-zur-wandmontage-mit-3-befestigungspunkten-2","status":"publish","type":"product","link":"https:\/\/www.mediclinics.com\/de\/griffstangen\/edelstahl\/eck-griffstange-zur-wandmontage-mit-3-befestigungspunkten-2\/","title":{"rendered":"Eck-Griffstange zur Wandmontage mit 3 Befestigungspunkten"},"content":{"rendered":"<p>Eck-Griffstange mit drei Armen und 3 Wandbefestigungspunkten sowie Rosette.<\/p>\n<p>\u2022 Hergestellt aus Edelstahl AISI 304, geeignet f\u00fcr Toiletten und Duschen.<br \/>\n\u2022 Griffstange f\u00fcr barrierefreie Waschr\u00e4ume f\u00fcr Senioren oder Menschen mit eingeschr\u00e4nkter Mobilit\u00e4t.<br \/>\n\u2022 Dank des Edelstahls AISI 304 ist diese Griffstange besonders langlebig, korrosionsbest\u00e4ndig und ideal f\u00fcr den Einsatz in \u00f6ffentlichen und gewerblichen Einrichtungen.<br \/>\n\u2022 Die Schrauben werden von drei Rosetten verdeckt, was das Erscheinungsbild nach der Montage zus\u00e4tzlich aufwertet.<br \/>\n\u2022 Die Griffstange wird mit einem optionalen elektrischen Isolations-Kit (Code KA0020) sowie Schrauben und D\u00fcbeln zur Montage an Ziegelw\u00e4nden geliefert.<\/p>\n","protected":false},"excerpt":{"rendered":"<p>Eck-Griffstange zur Wandmontage mit drei Armen und 3 Wandbefestigungspunkten aus Edelstahl AISI 304<\/p>\n","protected":false},"featured_media":29927,"comment_status":"closed","ping_status":"closed","template":"","meta":{"_acf_changed":false},"coleccion":[],"product_brand":[],"product_cat":[1227,1224],"product_tag":[1253],"class_list":{"0":"post-32162","1":"product","2":"type-product","3":"status-publish","4":"has-post-thumbnail","6":"mercado-internacional","7":"product_cat-edelstahl","8":"product_cat-griffstangen","9":"product_tag-wandmontierte-stangen","10":"mediclinics-boxed-content","12":"first","13":"instock","14":"product-type-simple"},"acf":[],"_links":{"self":[{"href":"https:\/\/www.mediclinics.com\/de\/wp-json\/wp\/v2\/product\/32162","targetHints":{"allow":["GET"]}}],"collection":[{"href":"https:\/\/www.mediclinics.com\/de\/wp-json\/wp\/v2\/product"}],"about":[{"href":"https:\/\/www.mediclinics.com\/de\/wp-json\/wp\/v2\/types\/product"}],"replies":[{"embeddable":true,"href":"https:\/\/www.mediclinics.com\/de\/wp-json\/wp\/v2\/comments?post=32162"}],"wp:featuredmedia":[{"embeddable":true,"href":"https:\/\/www.mediclinics.com\/de\/wp-json\/wp\/v2\/media\/29927"}],"wp:attachment":[{"href":"https:\/\/www.mediclinics.com\/de\/wp-json\/wp\/v2\/media?parent=32162"}],"wp:term":[{"taxonomy":"coleccion","embeddable":true,"href":"https:\/\/www.mediclinics.com\/de\/wp-json\/wp\/v2\/coleccion?post=32162"},{"taxonomy":"product_brand","embeddable":true,"href":"https:\/\/www.mediclinics.com\/de\/wp-json\/wp\/v2\/product_brand?post=32162"},{"taxonomy":"product_cat","embeddable":true,"href":"https:\/\/www.mediclinics.com\/de\/wp-json\/wp\/v2\/product_cat?post=32162"},{"taxonomy":"product_tag","embeddable":true,"href":"https:\/\/www.mediclinics.com\/de\/wp-json\/wp\/v2\/product_tag?post=32162"}],"curies":[{"name":"wp","href":"https:\/\/api.w.org\/{rel}","templated":true}]}}