{"id":32164,"date":"2025-10-15T14:34:25","date_gmt":"2025-10-15T12:34:25","guid":{"rendered":"https:\/\/www.mediclinics.com\/unkategorisiert\/wall-mounted-grab-bar-3-mounting-points-2\/"},"modified":"2026-02-27T14:45:01","modified_gmt":"2026-02-27T13:45:01","slug":"griffstange-zur-wandmontage-mit-3-befestigungspunkten-3","status":"publish","type":"product","link":"https:\/\/www.mediclinics.com\/de\/griffstangen\/edelstahl\/griffstange-zur-wandmontage-mit-3-befestigungspunkten-3\/","title":{"rendered":"Griffstange zur Wandmontage mit 3 Befestigungspunkten"},"content":{"rendered":"<p>Feste Griffstangen mit drei Befestigungspunkten.<\/p>\n<p>\u2022 U-f\u00f6rmige Griffstange aus Edelstahlrohr AISI\u00a0304 mit 32\u00a0mm Durchmesser und 615\u00a0mm L\u00e4nge, mit seitlich angeschwei\u00dfter 90\u00b0-Wandst\u00fctze (32\u00a0mm Durchmesser und 245\u00a0mm L\u00e4nge).<br \/>\n\u2022 Inklusive Rosetten aus Edelstahl AISI 304, die die Schrauben verdecken und f\u00fcr ein ansprechendes Erscheinungsbild sorgen.<br \/>\n\u2022 Griffstangen bieten sicheren Halt und Komfort \u2013 f\u00fcr ein Plus an Sicherheit im Waschraum, besonders f\u00fcr Senioren und Menschen mit eingeschr\u00e4nkter Mobilit\u00e4t. F\u00fcr den Einsatz in \u00f6ffentlichen und gewerblichen Einrichtungen geeignet.<br \/>\n\u2022 Entwickelt f\u00fcr barrierefreie \u00f6ffentliche Sanit\u00e4rbereiche \u2013 maximale Langlebigkeit und Korrosionsbest\u00e4ndigkeit.<br \/>\n\u2022 Optional kann eine elektrische Isolierung mit dem Isolations-Kit KA0020 erfolgen. Inklusive Montage-Kit zur Montage an Ziegelw\u00e4nden.<\/p>\n","protected":false},"excerpt":{"rendered":"<p>U-f\u00f6rmige Griffstange aus AISI 304 Edelstahl mit seitlicher Wandst\u00fctze und mit 3 Befestigungspunkten.<\/p>\n","protected":false},"featured_media":29943,"comment_status":"closed","ping_status":"closed","template":"","meta":{"_acf_changed":false},"coleccion":[],"product_brand":[],"product_cat":[1227,1224],"product_tag":[1253],"class_list":{"0":"post-32164","1":"product","2":"type-product","3":"status-publish","4":"has-post-thumbnail","6":"mercado-internacional","7":"product_cat-edelstahl","8":"product_cat-griffstangen","9":"product_tag-wandmontierte-stangen","10":"mediclinics-boxed-content","12":"first","13":"instock","14":"product-type-variable"},"acf":[],"_links":{"self":[{"href":"https:\/\/www.mediclinics.com\/de\/wp-json\/wp\/v2\/product\/32164","targetHints":{"allow":["GET"]}}],"collection":[{"href":"https:\/\/www.mediclinics.com\/de\/wp-json\/wp\/v2\/product"}],"about":[{"href":"https:\/\/www.mediclinics.com\/de\/wp-json\/wp\/v2\/types\/product"}],"replies":[{"embeddable":true,"href":"https:\/\/www.mediclinics.com\/de\/wp-json\/wp\/v2\/comments?post=32164"}],"wp:featuredmedia":[{"embeddable":true,"href":"https:\/\/www.mediclinics.com\/de\/wp-json\/wp\/v2\/media\/29943"}],"wp:attachment":[{"href":"https:\/\/www.mediclinics.com\/de\/wp-json\/wp\/v2\/media?parent=32164"}],"wp:term":[{"taxonomy":"coleccion","embeddable":true,"href":"https:\/\/www.mediclinics.com\/de\/wp-json\/wp\/v2\/coleccion?post=32164"},{"taxonomy":"product_brand","embeddable":true,"href":"https:\/\/www.mediclinics.com\/de\/wp-json\/wp\/v2\/product_brand?post=32164"},{"taxonomy":"product_cat","embeddable":true,"href":"https:\/\/www.mediclinics.com\/de\/wp-json\/wp\/v2\/product_cat?post=32164"},{"taxonomy":"product_tag","embeddable":true,"href":"https:\/\/www.mediclinics.com\/de\/wp-json\/wp\/v2\/product_tag?post=32164"}],"curies":[{"name":"wp","href":"https:\/\/api.w.org\/{rel}","templated":true}]}}