{"id":32170,"date":"2025-10-15T14:34:25","date_gmt":"2025-10-15T12:34:25","guid":{"rendered":"https:\/\/www.mediclinics.com\/unkategorisiert\/grab-bar-130o-angle-2\/"},"modified":"2026-02-27T14:52:54","modified_gmt":"2026-02-27T13:52:54","slug":"griffstange-mit-130-winkel","status":"publish","type":"product","link":"https:\/\/www.mediclinics.com\/de\/griffstangen\/edelstahl\/griffstange-mit-130-winkel\/","title":{"rendered":"Griffstange mit 130\u00b0-Winkel"},"content":{"rendered":"<p>130\u00b0-gebogene Eck-Griffstange aus Edelstahl AISI 304, f\u00fcr barrierefreie Sanit\u00e4rr\u00e4ume.<\/p>\n<p>\u2022 Ideal f\u00fcr Waschr\u00e4ume, die auf \u00e4ltere Menschen oder Personen mit eingeschr\u00e4nkter Mobilit\u00e4t zugeschnitten sind.<br \/>\n\u2022 Ideal f\u00fcr barrierefreie Sanit\u00e4rbereiche in \u00f6ffentlichen und gewerblichen Einrichtungen<br \/>\n\u2022 Das Modell ist f\u00fcr \u00f6ffentliche und gewerbliche Einrichtungen geeignet.<br \/>\n\u2022 Extrem langlebig und korrosionsbest\u00e4ndig.<br \/>\n\u2022 Inklusive Edelstahlschrauben zur Montage an Ziegelw\u00e4nden.<\/p>\n","protected":false},"excerpt":{"rendered":"<p>Griffstange mit 130\u00b0-Winkel aus Edelstahl AISI\u00a0304<\/p>\n","protected":false},"featured_media":29936,"comment_status":"closed","ping_status":"closed","template":"","meta":{"_acf_changed":false},"coleccion":[],"product_brand":[],"product_cat":[1227,1224],"product_tag":[1252],"class_list":{"0":"post-32170","1":"product","2":"type-product","3":"status-publish","4":"has-post-thumbnail","6":"mercado-internacional","7":"product_cat-edelstahl","8":"product_cat-griffstangen","9":"product_tag-winkelstangen","10":"mediclinics-boxed-content","12":"first","13":"instock","14":"product-type-variable"},"acf":[],"_links":{"self":[{"href":"https:\/\/www.mediclinics.com\/de\/wp-json\/wp\/v2\/product\/32170","targetHints":{"allow":["GET"]}}],"collection":[{"href":"https:\/\/www.mediclinics.com\/de\/wp-json\/wp\/v2\/product"}],"about":[{"href":"https:\/\/www.mediclinics.com\/de\/wp-json\/wp\/v2\/types\/product"}],"replies":[{"embeddable":true,"href":"https:\/\/www.mediclinics.com\/de\/wp-json\/wp\/v2\/comments?post=32170"}],"wp:featuredmedia":[{"embeddable":true,"href":"https:\/\/www.mediclinics.com\/de\/wp-json\/wp\/v2\/media\/29936"}],"wp:attachment":[{"href":"https:\/\/www.mediclinics.com\/de\/wp-json\/wp\/v2\/media?parent=32170"}],"wp:term":[{"taxonomy":"coleccion","embeddable":true,"href":"https:\/\/www.mediclinics.com\/de\/wp-json\/wp\/v2\/coleccion?post=32170"},{"taxonomy":"product_brand","embeddable":true,"href":"https:\/\/www.mediclinics.com\/de\/wp-json\/wp\/v2\/product_brand?post=32170"},{"taxonomy":"product_cat","embeddable":true,"href":"https:\/\/www.mediclinics.com\/de\/wp-json\/wp\/v2\/product_cat?post=32170"},{"taxonomy":"product_tag","embeddable":true,"href":"https:\/\/www.mediclinics.com\/de\/wp-json\/wp\/v2\/product_tag?post=32170"}],"curies":[{"name":"wp","href":"https:\/\/api.w.org\/{rel}","templated":true}]}}