{"id":32173,"date":"2025-10-15T14:34:15","date_gmt":"2025-10-15T12:34:15","guid":{"rendered":"https:\/\/www.mediclinics.com\/unkategorisiert\/vertical-folding-grab-bar-3\/"},"modified":"2026-02-27T13:48:36","modified_gmt":"2026-02-27T12:48:36","slug":"vertikal-schwenkbare-griffstange-2","status":"publish","type":"product","link":"https:\/\/www.mediclinics.com\/de\/griffstangen\/edelstahl\/vertikal-schwenkbare-griffstange-2\/","title":{"rendered":"Vertikal schwenkbare Griffstange"},"content":{"rendered":"<p>Senkrecht schwenkbare Griffstangen mit Toilettenpapierhalter, aus Rohr mit 32\u00a0mm Durchmesser, zur Anbringung neben der Toilette.<\/p>\n<p>\u2022 Verst\u00e4rkte U-f\u00f6rmige Griffstangen mit Doppelrohr im Biegebereich, zentraler Querstrebe mit Toilettenpapierhalter und 3 mm starker Wandplatte mit 6 Befestigungsl\u00f6chern.<br \/>\n\u2022 Ideal f\u00fcr barrierefreie, sowohl \u00f6ffentliche als auch private Waschr\u00e4ume f\u00fcr Senioren oder Menschen mit eingeschr\u00e4nkter Mobilit\u00e4t.<br \/>\nEin Sicherheitsmechanismus verriegelt die Stange in senkrechter Position und verhindert ein versehentliches Herunterklappen.<br \/>\n\u2022 Optional mit elektrischem Isolations-Kit und Edelstahlschrauben zur Montage an Ziegelw\u00e4nden erh\u00e4ltlich.<\/p>\n","protected":false},"excerpt":{"rendered":"<p>Vertikal schwenkbare Griffstange mit Toilettenpapierhalter, aus Edelstahlrohr mit seidenmattem Finish<\/p>\n","protected":false},"featured_media":29921,"comment_status":"closed","ping_status":"closed","template":"","meta":{"_acf_changed":false},"coleccion":[],"product_brand":[],"product_cat":[1227,1224],"product_tag":[1182],"class_list":{"0":"post-32173","1":"product","2":"type-product","3":"status-publish","4":"has-post-thumbnail","6":"mercado-internacional","7":"product_cat-edelstahl","8":"product_cat-griffstangen","9":"product_tag-klappbare-lenker","10":"mediclinics-boxed-content","12":"first","13":"instock","14":"product-type-simple"},"acf":[],"_links":{"self":[{"href":"https:\/\/www.mediclinics.com\/de\/wp-json\/wp\/v2\/product\/32173","targetHints":{"allow":["GET"]}}],"collection":[{"href":"https:\/\/www.mediclinics.com\/de\/wp-json\/wp\/v2\/product"}],"about":[{"href":"https:\/\/www.mediclinics.com\/de\/wp-json\/wp\/v2\/types\/product"}],"replies":[{"embeddable":true,"href":"https:\/\/www.mediclinics.com\/de\/wp-json\/wp\/v2\/comments?post=32173"}],"wp:featuredmedia":[{"embeddable":true,"href":"https:\/\/www.mediclinics.com\/de\/wp-json\/wp\/v2\/media\/29921"}],"wp:attachment":[{"href":"https:\/\/www.mediclinics.com\/de\/wp-json\/wp\/v2\/media?parent=32173"}],"wp:term":[{"taxonomy":"coleccion","embeddable":true,"href":"https:\/\/www.mediclinics.com\/de\/wp-json\/wp\/v2\/coleccion?post=32173"},{"taxonomy":"product_brand","embeddable":true,"href":"https:\/\/www.mediclinics.com\/de\/wp-json\/wp\/v2\/product_brand?post=32173"},{"taxonomy":"product_cat","embeddable":true,"href":"https:\/\/www.mediclinics.com\/de\/wp-json\/wp\/v2\/product_cat?post=32173"},{"taxonomy":"product_tag","embeddable":true,"href":"https:\/\/www.mediclinics.com\/de\/wp-json\/wp\/v2\/product_tag?post=32173"}],"curies":[{"name":"wp","href":"https:\/\/api.w.org\/{rel}","templated":true}]}}