{"id":32174,"date":"2025-10-15T14:34:15","date_gmt":"2025-10-15T12:34:15","guid":{"rendered":"https:\/\/www.mediclinics.com\/unkategorisiert\/folding-grab-bar-3-positions\/"},"modified":"2026-02-27T14:20:34","modified_gmt":"2026-02-27T13:20:34","slug":"klappbare-griffstange-mit-3-positionen","status":"publish","type":"product","link":"https:\/\/www.mediclinics.com\/de\/griffstangen\/edelstahl\/klappbare-griffstange-mit-3-positionen\/","title":{"rendered":"Klappbare Griffstange mit 3 Positionen"},"content":{"rendered":"<p>Vertikal schwenkbare Griffstange mit Arretierungssystem in 3 festen Positionen und Toilettenpapierhalter \u2013 zur Montage neben der Toilette.<\/p>\n<p>\u2022 U-Rohr mit Querstrebe und mittigem Toilettenpapierhalter sowie Wandplatte mit 6 Befestigungsl\u00f6chern.<br \/>\n\u2022 Optimal f\u00fcr barrierefreie B\u00e4der und Waschr\u00e4ume f\u00fcr Menschen mit eingeschr\u00e4nkter Mobilit\u00e4t oder Senioren, sowie f\u00fcr \u00f6ffentliche R\u00e4ume als auch Privathaushalte.<br \/>\n\u2022 Das Arretierungssystem erm\u00f6glicht die Fixierung der Stange in 3 Positionen und verhindert ein unbeabsichtigtes Herunterklappen.<br \/>\n\u2022 Optional mit elektrischem Isolations-Kit und Edelstahlschrauben zur Montage an Ziegelw\u00e4nden erh\u00e4ltlich.<\/p>\n","protected":false},"excerpt":{"rendered":"<p>Schwenkbare, in 3 Positionen arretierbare Griffstange mit Toilettenpapierhalter, aus Edelstahl in seidenmattem Finish, zur Montage neben der Toilette.<\/p>\n","protected":false},"featured_media":29907,"comment_status":"closed","ping_status":"closed","template":"","meta":{"_acf_changed":false},"coleccion":[],"product_brand":[],"product_cat":[1227,1224],"product_tag":[1182],"class_list":{"0":"post-32174","1":"product","2":"type-product","3":"status-publish","4":"has-post-thumbnail","6":"mercado-internacional","7":"product_cat-edelstahl","8":"product_cat-griffstangen","9":"product_tag-klappbare-lenker","10":"mediclinics-boxed-content","12":"first","13":"instock","14":"product-type-simple"},"acf":[],"_links":{"self":[{"href":"https:\/\/www.mediclinics.com\/de\/wp-json\/wp\/v2\/product\/32174","targetHints":{"allow":["GET"]}}],"collection":[{"href":"https:\/\/www.mediclinics.com\/de\/wp-json\/wp\/v2\/product"}],"about":[{"href":"https:\/\/www.mediclinics.com\/de\/wp-json\/wp\/v2\/types\/product"}],"replies":[{"embeddable":true,"href":"https:\/\/www.mediclinics.com\/de\/wp-json\/wp\/v2\/comments?post=32174"}],"wp:featuredmedia":[{"embeddable":true,"href":"https:\/\/www.mediclinics.com\/de\/wp-json\/wp\/v2\/media\/29907"}],"wp:attachment":[{"href":"https:\/\/www.mediclinics.com\/de\/wp-json\/wp\/v2\/media?parent=32174"}],"wp:term":[{"taxonomy":"coleccion","embeddable":true,"href":"https:\/\/www.mediclinics.com\/de\/wp-json\/wp\/v2\/coleccion?post=32174"},{"taxonomy":"product_brand","embeddable":true,"href":"https:\/\/www.mediclinics.com\/de\/wp-json\/wp\/v2\/product_brand?post=32174"},{"taxonomy":"product_cat","embeddable":true,"href":"https:\/\/www.mediclinics.com\/de\/wp-json\/wp\/v2\/product_cat?post=32174"},{"taxonomy":"product_tag","embeddable":true,"href":"https:\/\/www.mediclinics.com\/de\/wp-json\/wp\/v2\/product_tag?post=32174"}],"curies":[{"name":"wp","href":"https:\/\/api.w.org\/{rel}","templated":true}]}}