{"id":32176,"date":"2025-10-15T14:34:15","date_gmt":"2025-10-15T12:34:15","guid":{"rendered":"https:\/\/www.mediclinics.com\/unkategorisiert\/folding-grab-bar-fixed-post-2\/"},"modified":"2026-02-27T14:21:37","modified_gmt":"2026-02-27T13:21:37","slug":"schwenkbare-griffstange-mit-fest-montiertem-staender-2","status":"publish","type":"product","link":"https:\/\/www.mediclinics.com\/de\/griffstangen\/edelstahl\/schwenkbare-griffstange-mit-fest-montiertem-staender-2\/","title":{"rendered":"Schwenkbare Griffstange mit fest montiertem St\u00e4nder"},"content":{"rendered":"<p>Vertikal schwenkbare Griffstange mit St\u00e4nder zur Bodenmontage und zur Anbringung neben der Toilette, mit integriertem Toilettenpapierhalter.<\/p>\n<p>\u2022 U-f\u00f6rmiges Rohr mit Querstrebe und Toilettenpapierhalter sowie quadratischem St\u00e4nder, auf einer Bodenankerplatte verschwei\u00dft, zur Bodenmontage.<br \/>\n\u2022 Unterst\u00fctzung zur Erleichterung von Transfers in barrierefreien Sanit\u00e4rbereichen &#8211; ideal f\u00fcr Personen mit eingeschr\u00e4nkter Mobilit\u00e4t und f\u00fcr \u00f6ffentliche und gewerbliche Einrichtungen.<br \/>\n\u2022 Das integrierte Sicherheitssystem arretiert die Stange in vertikaler Position, um ein versehentliches Herunterklappen zu verhindern.<br \/>\n\u2022 Inklusive Schrauben und D\u00fcbel aus Edelstahl zur Befestigung der Stange auf Betonboden und zur Montage an Ziegelw\u00e4nden.<\/p>\n","protected":false},"excerpt":{"rendered":"<p>Vertikal schwenkbare Griffstange mit St\u00e4nder aus Edelstahl in seidenmattem Finish f\u00fcr die Toilette.<\/p>\n","protected":false},"featured_media":29912,"comment_status":"closed","ping_status":"closed","template":"","meta":{"_acf_changed":false},"coleccion":[],"product_brand":[],"product_cat":[1227,1224],"product_tag":[1182],"class_list":{"0":"post-32176","1":"product","2":"type-product","3":"status-publish","4":"has-post-thumbnail","6":"mercado-internacional","7":"product_cat-edelstahl","8":"product_cat-griffstangen","9":"product_tag-klappbare-lenker","10":"mediclinics-boxed-content","12":"first","13":"instock","14":"product-type-variable"},"acf":[],"_links":{"self":[{"href":"https:\/\/www.mediclinics.com\/de\/wp-json\/wp\/v2\/product\/32176","targetHints":{"allow":["GET"]}}],"collection":[{"href":"https:\/\/www.mediclinics.com\/de\/wp-json\/wp\/v2\/product"}],"about":[{"href":"https:\/\/www.mediclinics.com\/de\/wp-json\/wp\/v2\/types\/product"}],"replies":[{"embeddable":true,"href":"https:\/\/www.mediclinics.com\/de\/wp-json\/wp\/v2\/comments?post=32176"}],"wp:featuredmedia":[{"embeddable":true,"href":"https:\/\/www.mediclinics.com\/de\/wp-json\/wp\/v2\/media\/29912"}],"wp:attachment":[{"href":"https:\/\/www.mediclinics.com\/de\/wp-json\/wp\/v2\/media?parent=32176"}],"wp:term":[{"taxonomy":"coleccion","embeddable":true,"href":"https:\/\/www.mediclinics.com\/de\/wp-json\/wp\/v2\/coleccion?post=32176"},{"taxonomy":"product_brand","embeddable":true,"href":"https:\/\/www.mediclinics.com\/de\/wp-json\/wp\/v2\/product_brand?post=32176"},{"taxonomy":"product_cat","embeddable":true,"href":"https:\/\/www.mediclinics.com\/de\/wp-json\/wp\/v2\/product_cat?post=32176"},{"taxonomy":"product_tag","embeddable":true,"href":"https:\/\/www.mediclinics.com\/de\/wp-json\/wp\/v2\/product_tag?post=32176"}],"curies":[{"name":"wp","href":"https:\/\/api.w.org\/{rel}","templated":true}]}}