{"id":32179,"date":"2025-10-15T14:34:15","date_gmt":"2025-10-15T12:34:15","guid":{"rendered":"https:\/\/www.mediclinics.com\/unkategorisiert\/folding-grab-bar-floor-support\/"},"modified":"2026-02-27T14:25:10","modified_gmt":"2026-02-27T13:25:10","slug":"schwenkbare-griffstange-mit-bodenstuetze","status":"publish","type":"product","link":"https:\/\/www.mediclinics.com\/de\/griffstangen\/edelstahl\/schwenkbare-griffstange-mit-bodenstuetze\/","title":{"rendered":"Schwenkbare Griffstange mit Bodenst\u00fctze"},"content":{"rendered":"<p>Vertikal schwenkbare Griffstange mit ausklappbarer Bodenst\u00fctze und Toilettenpapierhalter, aus 32 mm Rohr.<\/p>\n<p>\u2022 Inklusive ausklappbarer Bodenst\u00fctze aus 32 mm Rohr f\u00fcr zus\u00e4tzliche Sicherheit und Stabilit\u00e4t.<br \/>\n\u2022 Griffstange f\u00fcr \u00f6ffentliche und gewerbliche Einrichtungen, ideal f\u00fcr sicheren Halt und f\u00fcr den Transfer vom Rollstuhl in barrierefreien R\u00e4umen.<br \/>\n\u2022 Das integrierte Sicherheitssystem arretiert die Stange in vertikaler Position, um ein versehentliches Herunterklappen zu verhindern.<br \/>\n\u2022 Optional kann die Stange mit einem elektrischen Isolations-Kit ausgestattet werden (Code KA0070).<br \/>\n\u2022 Inklusive Befestigungsmaterial zur Montage an Ziegelw\u00e4nden.<\/p>\n","protected":false},"excerpt":{"rendered":"<p>Vertikal schwenkbare Griffstange mit ausklappbarer Bodenst\u00fctze und Toilettenpapierhalter, aus Edelstahl AISI 304.<\/p>\n","protected":false},"featured_media":29910,"comment_status":"closed","ping_status":"closed","template":"","meta":{"_acf_changed":false},"coleccion":[],"product_brand":[],"product_cat":[1227,1224],"product_tag":[1182],"class_list":{"0":"post-32179","1":"product","2":"type-product","3":"status-publish","4":"has-post-thumbnail","6":"mercado-internacional","7":"product_cat-edelstahl","8":"product_cat-griffstangen","9":"product_tag-klappbare-lenker","10":"mediclinics-boxed-content","12":"first","13":"instock","14":"product-type-variable"},"acf":[],"_links":{"self":[{"href":"https:\/\/www.mediclinics.com\/de\/wp-json\/wp\/v2\/product\/32179","targetHints":{"allow":["GET"]}}],"collection":[{"href":"https:\/\/www.mediclinics.com\/de\/wp-json\/wp\/v2\/product"}],"about":[{"href":"https:\/\/www.mediclinics.com\/de\/wp-json\/wp\/v2\/types\/product"}],"replies":[{"embeddable":true,"href":"https:\/\/www.mediclinics.com\/de\/wp-json\/wp\/v2\/comments?post=32179"}],"wp:featuredmedia":[{"embeddable":true,"href":"https:\/\/www.mediclinics.com\/de\/wp-json\/wp\/v2\/media\/29910"}],"wp:attachment":[{"href":"https:\/\/www.mediclinics.com\/de\/wp-json\/wp\/v2\/media?parent=32179"}],"wp:term":[{"taxonomy":"coleccion","embeddable":true,"href":"https:\/\/www.mediclinics.com\/de\/wp-json\/wp\/v2\/coleccion?post=32179"},{"taxonomy":"product_brand","embeddable":true,"href":"https:\/\/www.mediclinics.com\/de\/wp-json\/wp\/v2\/product_brand?post=32179"},{"taxonomy":"product_cat","embeddable":true,"href":"https:\/\/www.mediclinics.com\/de\/wp-json\/wp\/v2\/product_cat?post=32179"},{"taxonomy":"product_tag","embeddable":true,"href":"https:\/\/www.mediclinics.com\/de\/wp-json\/wp\/v2\/product_tag?post=32179"}],"curies":[{"name":"wp","href":"https:\/\/api.w.org\/{rel}","templated":true}]}}