{"id":32200,"date":"2025-10-15T14:34:05","date_gmt":"2025-10-15T12:34:05","guid":{"rendered":"https:\/\/www.mediclinics.com\/unkategorisiert\/straight-grab-bar-1200-mm\/"},"modified":"2026-02-27T13:29:00","modified_gmt":"2026-02-27T12:29:00","slug":"gerade-griffstange-1200mm","status":"publish","type":"product","link":"https:\/\/www.mediclinics.com\/de\/griffstangen\/edelstahl\/gerade-griffstange-1200mm\/","title":{"rendered":"Gerade Griffstange, 1200mm"},"content":{"rendered":"<p>Gerade Griffstange mit zwei Befestigungspunkten und Rosetten; horizontal oder vertikal montierbar.<\/p>\n<p>\u2022 Hergestellt aus Edelstahlrohr AISI\u00a0304 mit 32\u00a0mm Durchmesser.<br \/>\n\u2022 Schlichte und elegante Griffstange mit Rosetten, die die Schrauben verdecken und das Erscheinungsbild verbessern.<br \/>\n\u2022 Griffstange f\u00fcr sicheren Halt \u2013 ideal f\u00fcr \u00f6ffentliche und private Sanit\u00e4rbereiche.<br \/>\n\u2022 Gerade Griffstange in 6 L\u00e4ngen, einsetzbar in Badewanne, Dusche, Toilette oder Waschbecken.<br \/>\n\u2022 Optional mit elektrischem Isolations-Kit und Edelstahlschrauben zur Montage an Ziegelw\u00e4nden erh\u00e4ltlich.<\/p>\n","protected":false},"excerpt":{"rendered":"<p>Gerade Griffstange aus Edelstahlrohr AISI 304<\/p>\n","protected":false},"featured_media":29994,"comment_status":"closed","ping_status":"closed","template":"","meta":{"_acf_changed":false},"coleccion":[],"product_brand":[],"product_cat":[1227,1224],"product_tag":[1256],"class_list":{"0":"post-32200","1":"product","2":"type-product","3":"status-publish","4":"has-post-thumbnail","6":"mercado-internacional","7":"product_cat-edelstahl","8":"product_cat-griffstangen","9":"product_tag-gerade-stangen","10":"mediclinics-boxed-content","12":"first","13":"instock","14":"product-type-variable"},"acf":[],"_links":{"self":[{"href":"https:\/\/www.mediclinics.com\/de\/wp-json\/wp\/v2\/product\/32200","targetHints":{"allow":["GET"]}}],"collection":[{"href":"https:\/\/www.mediclinics.com\/de\/wp-json\/wp\/v2\/product"}],"about":[{"href":"https:\/\/www.mediclinics.com\/de\/wp-json\/wp\/v2\/types\/product"}],"replies":[{"embeddable":true,"href":"https:\/\/www.mediclinics.com\/de\/wp-json\/wp\/v2\/comments?post=32200"}],"wp:featuredmedia":[{"embeddable":true,"href":"https:\/\/www.mediclinics.com\/de\/wp-json\/wp\/v2\/media\/29994"}],"wp:attachment":[{"href":"https:\/\/www.mediclinics.com\/de\/wp-json\/wp\/v2\/media?parent=32200"}],"wp:term":[{"taxonomy":"coleccion","embeddable":true,"href":"https:\/\/www.mediclinics.com\/de\/wp-json\/wp\/v2\/coleccion?post=32200"},{"taxonomy":"product_brand","embeddable":true,"href":"https:\/\/www.mediclinics.com\/de\/wp-json\/wp\/v2\/product_brand?post=32200"},{"taxonomy":"product_cat","embeddable":true,"href":"https:\/\/www.mediclinics.com\/de\/wp-json\/wp\/v2\/product_cat?post=32200"},{"taxonomy":"product_tag","embeddable":true,"href":"https:\/\/www.mediclinics.com\/de\/wp-json\/wp\/v2\/product_tag?post=32200"}],"curies":[{"name":"wp","href":"https:\/\/api.w.org\/{rel}","templated":true}]}}