{"id":32206,"date":"2025-10-15T14:34:05","date_gmt":"2025-10-15T12:34:05","guid":{"rendered":"https:\/\/www.mediclinics.com\/unkategorisiert\/grab-bar-90o-angle-2\/"},"modified":"2026-02-27T13:43:16","modified_gmt":"2026-02-27T12:43:16","slug":"griffstange-mit-90-winkel","status":"publish","type":"product","link":"https:\/\/www.mediclinics.com\/de\/griffstangen\/edelstahl\/griffstange-mit-90-winkel\/","title":{"rendered":"Griffstange mit 90\u00b0-Winkel"},"content":{"rendered":"<p>Griffstange mit 90\u00b0-Winkel, Rosetten und drei Befestigungspunkten.<\/p>\n<p>\u2022 L-f\u00f6rmiges, asymmetrisch gebogenes Rohr mit 32 mm Durchmesser aus Edelstahl AISI 304, Schenkell\u00e4ngen 700 mm und 375 mm.<br \/>\n\u2022 Inklusive Rosetten aus Edelstahl AISI 304, die die Schrauben verdecken und f\u00fcr ein ansprechendes Erscheinungsbild sorgen.<br \/>\n\u2022 Griffstange speziell f\u00fcr barrierefreie B\u00e4der, bietet sicheren Halt f\u00fcr Senioren und Menschen mit eingeschr\u00e4nkter Mobilit\u00e4t. Geeignet f\u00fcr \u00f6ffentliche und gewerbliche Einrichtungen.<br \/>\n\u2022 Optional mit elektrischem Isolations-Kit und Edelstahlschrauben zur Montage an Ziegelw\u00e4nden erh\u00e4ltlich.<\/p>\n","protected":false},"excerpt":{"rendered":"<p>Griffstange mit 90\u00b0-Winkel aus Edelstahl AISI 304, mit drei Befestigungspunkten<\/p>\n","protected":false},"featured_media":29929,"comment_status":"closed","ping_status":"closed","template":"","meta":{"_acf_changed":false},"coleccion":[],"product_brand":[],"product_cat":[1227,1224],"product_tag":[1252],"class_list":{"0":"post-32206","1":"product","2":"type-product","3":"status-publish","4":"has-post-thumbnail","6":"mercado-internacional","7":"product_cat-edelstahl","8":"product_cat-griffstangen","9":"product_tag-winkelstangen","10":"mediclinics-boxed-content","12":"first","13":"instock","14":"product-type-variable"},"acf":[],"_links":{"self":[{"href":"https:\/\/www.mediclinics.com\/de\/wp-json\/wp\/v2\/product\/32206","targetHints":{"allow":["GET"]}}],"collection":[{"href":"https:\/\/www.mediclinics.com\/de\/wp-json\/wp\/v2\/product"}],"about":[{"href":"https:\/\/www.mediclinics.com\/de\/wp-json\/wp\/v2\/types\/product"}],"replies":[{"embeddable":true,"href":"https:\/\/www.mediclinics.com\/de\/wp-json\/wp\/v2\/comments?post=32206"}],"wp:featuredmedia":[{"embeddable":true,"href":"https:\/\/www.mediclinics.com\/de\/wp-json\/wp\/v2\/media\/29929"}],"wp:attachment":[{"href":"https:\/\/www.mediclinics.com\/de\/wp-json\/wp\/v2\/media?parent=32206"}],"wp:term":[{"taxonomy":"coleccion","embeddable":true,"href":"https:\/\/www.mediclinics.com\/de\/wp-json\/wp\/v2\/coleccion?post=32206"},{"taxonomy":"product_brand","embeddable":true,"href":"https:\/\/www.mediclinics.com\/de\/wp-json\/wp\/v2\/product_brand?post=32206"},{"taxonomy":"product_cat","embeddable":true,"href":"https:\/\/www.mediclinics.com\/de\/wp-json\/wp\/v2\/product_cat?post=32206"},{"taxonomy":"product_tag","embeddable":true,"href":"https:\/\/www.mediclinics.com\/de\/wp-json\/wp\/v2\/product_tag?post=32206"}],"curies":[{"name":"wp","href":"https:\/\/api.w.org\/{rel}","templated":true}]}}