{"id":32212,"date":"2025-10-15T14:33:56","date_gmt":"2025-10-15T12:33:56","guid":{"rendered":"https:\/\/www.mediclinics.com\/unkategorisiert\/straight-grab-bar-695-mm\/"},"modified":"2026-02-27T13:18:04","modified_gmt":"2026-02-27T12:18:04","slug":"gerade-griffstange-695mm","status":"publish","type":"product","link":"https:\/\/www.mediclinics.com\/de\/griffstangen\/epoxidbeschichteter-stahl\/serie-mediepoxi\/gerade-griffstange-695mm\/","title":{"rendered":"Gerade Griffstange, 695mm"},"content":{"rendered":"<p>Gerade Griffstange mit zwei Befestigungspunkten und Rosetten; horizontal oder vertikal montierbar.<\/p>\n<p>\u2022 Hergestellt aus Edelstahlrohr mit 32\u00a0mm Durchmesser.<br \/>\n\u2022 Einfache und elegante Griffstange mit Abdeckrosetten, die die Schrauben verbergen.<br \/>\n\u2022 Bietet Halt und Sicherheit, ideal f\u00fcr \u00f6ffentliche und private B\u00e4der.<br \/>\n\u2022 In 3 L\u00e4ngen erh\u00e4ltlich; kann an Badewanne, Dusche, Toilette und Waschbecken installiert werden.<br \/>\n\u2022 Optional: elektrisches Isolations-Kit (Mediclinics KA0020). Inklusive Befestigungsmaterial zur Montage an Ziegelw\u00e4nden.<br \/>\n\u2022 Hergestellt gem\u00e4\u00df der spanischen Norm SUA (Sicherheit und Barrierefreiheit).<\/p>\n","protected":false},"excerpt":{"rendered":"<p>Gerade Griffstange aus Edelstahl AISI\u00a0201<\/p>\n","protected":false},"featured_media":29980,"comment_status":"closed","ping_status":"closed","template":"","meta":{"_acf_changed":false},"coleccion":[],"product_brand":[],"product_cat":[1225,1224,1232],"product_tag":[1256],"class_list":{"0":"post-32212","1":"product","2":"type-product","3":"status-publish","4":"has-post-thumbnail","6":"mercado-internacional","7":"product_cat-epoxidbeschichteter-stahl","8":"product_cat-griffstangen","9":"product_cat-serie-mediepoxi","10":"product_tag-gerade-stangen","11":"mediclinics-boxed-content","13":"first","14":"instock","15":"product-type-variable"},"acf":[],"_links":{"self":[{"href":"https:\/\/www.mediclinics.com\/de\/wp-json\/wp\/v2\/product\/32212","targetHints":{"allow":["GET"]}}],"collection":[{"href":"https:\/\/www.mediclinics.com\/de\/wp-json\/wp\/v2\/product"}],"about":[{"href":"https:\/\/www.mediclinics.com\/de\/wp-json\/wp\/v2\/types\/product"}],"replies":[{"embeddable":true,"href":"https:\/\/www.mediclinics.com\/de\/wp-json\/wp\/v2\/comments?post=32212"}],"wp:featuredmedia":[{"embeddable":true,"href":"https:\/\/www.mediclinics.com\/de\/wp-json\/wp\/v2\/media\/29980"}],"wp:attachment":[{"href":"https:\/\/www.mediclinics.com\/de\/wp-json\/wp\/v2\/media?parent=32212"}],"wp:term":[{"taxonomy":"coleccion","embeddable":true,"href":"https:\/\/www.mediclinics.com\/de\/wp-json\/wp\/v2\/coleccion?post=32212"},{"taxonomy":"product_brand","embeddable":true,"href":"https:\/\/www.mediclinics.com\/de\/wp-json\/wp\/v2\/product_brand?post=32212"},{"taxonomy":"product_cat","embeddable":true,"href":"https:\/\/www.mediclinics.com\/de\/wp-json\/wp\/v2\/product_cat?post=32212"},{"taxonomy":"product_tag","embeddable":true,"href":"https:\/\/www.mediclinics.com\/de\/wp-json\/wp\/v2\/product_tag?post=32212"}],"curies":[{"name":"wp","href":"https:\/\/api.w.org\/{rel}","templated":true}]}}