{"id":32224,"date":"2025-10-15T14:33:56","date_gmt":"2025-10-15T12:33:56","guid":{"rendered":"https:\/\/www.mediclinics.com\/unkategorisiert\/two-wall-grab-bar-three-mounting-points\/"},"modified":"2026-02-27T13:23:56","modified_gmt":"2026-02-27T12:23:56","slug":"griffstange-zur-wandmontage-mit-3-befestigungspunkten-2","status":"publish","type":"product","link":"https:\/\/www.mediclinics.com\/de\/griffstangen\/epoxidbeschichteter-stahl\/serie-mediepoxi\/griffstange-zur-wandmontage-mit-3-befestigungspunkten-2\/","title":{"rendered":"Griffstange zur Wandmontage mit 3 Befestigungspunkten"},"content":{"rendered":"<p>Horizontale 90\u00b0 Eck-Griffstange aus L-f\u00f6rmigem Edelstahlrohr mit drei Befestigungspunkten und Rosetten.<\/p>\n<p>\u2022 Griffstange f\u00fcr barrierefreie B\u00e4der, also f\u00fcr Senioren oder Menschen mit eingeschr\u00e4nkter Mobilit\u00e4t.<br \/>\n\u2022 Langlebiges, korrosionsbest\u00e4ndiges Modell \u2013 ideal f\u00fcr den Einsatz in \u00f6ffentlichen und gewerblichen Einrichtungen. Inklusive drei Rosetten, die die Befestigungen verdecken und f\u00fcr ein ansprechendes Design sorgen.<br \/>\n\u2022 Optional k\u00f6nnen diese Griffstangen mit dem elektrischen Isolations-Kit KA0020 elektrisch isoliert werden.<br \/>\n\u2022 Entwickelt und gefertigt nach den Vorgaben der spanischen SUA-Norm (Sicherheit und Barrierefreiheit).<br \/>\n\u2022 Inklusive Befestigungsmaterial zur Montage an Ziegelw\u00e4nden.<\/p>\n","protected":false},"excerpt":{"rendered":"<p>Horizontale 90\u00b0 Eck-Griffstange aus Edelstahl AISI 201<\/p>\n","protected":false},"featured_media":29906,"comment_status":"closed","ping_status":"closed","template":"","meta":{"_acf_changed":false},"coleccion":[],"product_brand":[],"product_cat":[1225,1224,1232],"product_tag":[1252],"class_list":{"0":"post-32224","1":"product","2":"type-product","3":"status-publish","4":"has-post-thumbnail","6":"mercado-internacional","7":"product_cat-epoxidbeschichteter-stahl","8":"product_cat-griffstangen","9":"product_cat-serie-mediepoxi","10":"product_tag-winkelstangen","11":"mediclinics-boxed-content","13":"first","14":"instock","15":"product-type-variable"},"acf":[],"_links":{"self":[{"href":"https:\/\/www.mediclinics.com\/de\/wp-json\/wp\/v2\/product\/32224","targetHints":{"allow":["GET"]}}],"collection":[{"href":"https:\/\/www.mediclinics.com\/de\/wp-json\/wp\/v2\/product"}],"about":[{"href":"https:\/\/www.mediclinics.com\/de\/wp-json\/wp\/v2\/types\/product"}],"replies":[{"embeddable":true,"href":"https:\/\/www.mediclinics.com\/de\/wp-json\/wp\/v2\/comments?post=32224"}],"wp:featuredmedia":[{"embeddable":true,"href":"https:\/\/www.mediclinics.com\/de\/wp-json\/wp\/v2\/media\/29906"}],"wp:attachment":[{"href":"https:\/\/www.mediclinics.com\/de\/wp-json\/wp\/v2\/media?parent=32224"}],"wp:term":[{"taxonomy":"coleccion","embeddable":true,"href":"https:\/\/www.mediclinics.com\/de\/wp-json\/wp\/v2\/coleccion?post=32224"},{"taxonomy":"product_brand","embeddable":true,"href":"https:\/\/www.mediclinics.com\/de\/wp-json\/wp\/v2\/product_brand?post=32224"},{"taxonomy":"product_cat","embeddable":true,"href":"https:\/\/www.mediclinics.com\/de\/wp-json\/wp\/v2\/product_cat?post=32224"},{"taxonomy":"product_tag","embeddable":true,"href":"https:\/\/www.mediclinics.com\/de\/wp-json\/wp\/v2\/product_tag?post=32224"}],"curies":[{"name":"wp","href":"https:\/\/api.w.org\/{rel}","templated":true}]}}