{"id":32239,"date":"2025-10-15T14:33:46","date_gmt":"2025-10-15T12:33:46","guid":{"rendered":"https:\/\/www.mediclinics.com\/unkategorisiert\/single-hook-spherical-head\/"},"modified":"2026-03-03T13:45:24","modified_gmt":"2026-03-03T12:45:24","slug":"einfacher-haken-mit-kugelkopf","status":"publish","type":"product","link":"https:\/\/www.mediclinics.com\/de\/badaccessoires\/serie-medicrom\/einfacher-haken-mit-kugelkopf\/","title":{"rendered":"Einfacher Haken mit Kugelkopf"},"content":{"rendered":"<p>Wandhaken aus 1\u00a0mm starkem, verchromtem Messing mit einer Beschichtung aus 9\u201310\u00a0\u03bcm Nickel und 0,3\u20130,4\u00a0\u03bcm Chrom.<\/p>\n<p>\u2022 Sowohl f\u00fcr \u00f6ffentliche Bereiche als auch f\u00fcr den privaten Gebrauch geeignet.<br \/>\n\u2022 Dank seines zeitlosen, eleganten Designs passt sich dieser Haken perfekt jedem Einrichtungsstil an.<br \/>\n\u2022 Die Befestigungsschrauben werden von einer Rosette verdeckt, wodurch die Optik des Elements aufgewertet wird.<br \/>\n\u2022 Wird mit s\u00e4mtlichem Befestigungsmaterial zur Wandmontage geliefert.<\/p>\n","protected":false},"excerpt":{"rendered":"<p>Wandhaken aus glanzverchromtem Messing.<\/p>\n","protected":false},"featured_media":30210,"comment_status":"closed","ping_status":"closed","template":"","meta":{"_acf_changed":false},"coleccion":[],"product_brand":[],"product_cat":[1143,1148],"product_tag":[],"class_list":{"0":"post-32239","1":"product","2":"type-product","3":"status-publish","4":"has-post-thumbnail","6":"mercado-internacional","7":"product_cat-badaccessoires","8":"product_cat-serie-medicrom","9":"mediclinics-boxed-content","11":"first","12":"instock","13":"product-type-simple"},"acf":[],"_links":{"self":[{"href":"https:\/\/www.mediclinics.com\/de\/wp-json\/wp\/v2\/product\/32239","targetHints":{"allow":["GET"]}}],"collection":[{"href":"https:\/\/www.mediclinics.com\/de\/wp-json\/wp\/v2\/product"}],"about":[{"href":"https:\/\/www.mediclinics.com\/de\/wp-json\/wp\/v2\/types\/product"}],"replies":[{"embeddable":true,"href":"https:\/\/www.mediclinics.com\/de\/wp-json\/wp\/v2\/comments?post=32239"}],"wp:featuredmedia":[{"embeddable":true,"href":"https:\/\/www.mediclinics.com\/de\/wp-json\/wp\/v2\/media\/30210"}],"wp:attachment":[{"href":"https:\/\/www.mediclinics.com\/de\/wp-json\/wp\/v2\/media?parent=32239"}],"wp:term":[{"taxonomy":"coleccion","embeddable":true,"href":"https:\/\/www.mediclinics.com\/de\/wp-json\/wp\/v2\/coleccion?post=32239"},{"taxonomy":"product_brand","embeddable":true,"href":"https:\/\/www.mediclinics.com\/de\/wp-json\/wp\/v2\/product_brand?post=32239"},{"taxonomy":"product_cat","embeddable":true,"href":"https:\/\/www.mediclinics.com\/de\/wp-json\/wp\/v2\/product_cat?post=32239"},{"taxonomy":"product_tag","embeddable":true,"href":"https:\/\/www.mediclinics.com\/de\/wp-json\/wp\/v2\/product_tag?post=32239"}],"curies":[{"name":"wp","href":"https:\/\/api.w.org\/{rel}","templated":true}]}}