{"id":32244,"date":"2025-10-15T14:33:46","date_gmt":"2025-10-15T12:33:46","guid":{"rendered":"https:\/\/www.mediclinics.com\/unkategorisiert\/straight-grab-bar-540-mm\/"},"modified":"2026-02-27T13:17:16","modified_gmt":"2026-02-27T12:17:16","slug":"gerade-griffstange-540mm","status":"publish","type":"product","link":"https:\/\/www.mediclinics.com\/de\/griffstangen\/epoxidbeschichteter-stahl\/serie-mediepoxi\/gerade-griffstange-540mm\/","title":{"rendered":"Gerade Griffstange, 540mm"},"content":{"rendered":"<p>Gerade Griffstange mit zwei Befestigungspunkten und Rosetten; horizontal oder vertikal montierbar.<\/p>\n<p>\u2022 Hergestellt aus Edelstahlrohr mit 32\u00a0mm Durchmesser.<br \/>\n\u2022 Schlichtes, elegantes Design mit Rosetten, die die Schrauben verdecken.<br \/>\n\u2022 Bietet Halt und Komfort und erh\u00f6ht die Sicherheit in \u00f6ffentlichen Waschr\u00e4umen und im Badezimmer Zuhause.<br \/>\n\u2022 In 3 L\u00e4ngen erh\u00e4ltlich, passend f\u00fcr Badewanne, Dusche, Toilette und Waschbecken.<br \/>\n\u2022 Optional: Elektrisches Isolations-Kit. Inklusive Befestigungsmaterial zur Montage an Ziegelw\u00e4nden.<br \/>\n\u2022 Hergestellt gem\u00e4\u00df der spanischen Norm SUA (Sicherheit und Barrierefreiheit).<\/p>\n","protected":false},"excerpt":{"rendered":"<p>Gerade Griffstange aus Edelstahl AISI\u00a0201<\/p>\n","protected":false},"featured_media":29971,"comment_status":"closed","ping_status":"closed","template":"","meta":{"_acf_changed":false},"coleccion":[],"product_brand":[],"product_cat":[1225,1224,1232],"product_tag":[1256],"class_list":{"0":"post-32244","1":"product","2":"type-product","3":"status-publish","4":"has-post-thumbnail","6":"mercado-internacional","7":"product_cat-epoxidbeschichteter-stahl","8":"product_cat-griffstangen","9":"product_cat-serie-mediepoxi","10":"product_tag-gerade-stangen","11":"mediclinics-boxed-content","13":"first","14":"instock","15":"product-type-variable"},"acf":[],"_links":{"self":[{"href":"https:\/\/www.mediclinics.com\/de\/wp-json\/wp\/v2\/product\/32244","targetHints":{"allow":["GET"]}}],"collection":[{"href":"https:\/\/www.mediclinics.com\/de\/wp-json\/wp\/v2\/product"}],"about":[{"href":"https:\/\/www.mediclinics.com\/de\/wp-json\/wp\/v2\/types\/product"}],"replies":[{"embeddable":true,"href":"https:\/\/www.mediclinics.com\/de\/wp-json\/wp\/v2\/comments?post=32244"}],"wp:featuredmedia":[{"embeddable":true,"href":"https:\/\/www.mediclinics.com\/de\/wp-json\/wp\/v2\/media\/29971"}],"wp:attachment":[{"href":"https:\/\/www.mediclinics.com\/de\/wp-json\/wp\/v2\/media?parent=32244"}],"wp:term":[{"taxonomy":"coleccion","embeddable":true,"href":"https:\/\/www.mediclinics.com\/de\/wp-json\/wp\/v2\/coleccion?post=32244"},{"taxonomy":"product_brand","embeddable":true,"href":"https:\/\/www.mediclinics.com\/de\/wp-json\/wp\/v2\/product_brand?post=32244"},{"taxonomy":"product_cat","embeddable":true,"href":"https:\/\/www.mediclinics.com\/de\/wp-json\/wp\/v2\/product_cat?post=32244"},{"taxonomy":"product_tag","embeddable":true,"href":"https:\/\/www.mediclinics.com\/de\/wp-json\/wp\/v2\/product_tag?post=32244"}],"curies":[{"name":"wp","href":"https:\/\/api.w.org\/{rel}","templated":true}]}}