{"id":32257,"date":"2025-10-15T14:32:58","date_gmt":"2025-10-15T12:32:58","guid":{"rendered":"https:\/\/www.mediclinics.com\/unkategorisiert\/single-bathroom-hook\/"},"modified":"2026-03-03T12:35:43","modified_gmt":"2026-03-03T11:35:43","slug":"einzelner-haken","status":"publish","type":"product","link":"https:\/\/www.mediclinics.com\/de\/badaccessoires\/serie-medinox\/einzelner-haken\/","title":{"rendered":"Einzelner Haken"},"content":{"rendered":"<p>Einzelner Wandhaken aus rundem Edelstahl AISI 304.<\/p>\n<p>\u2022 Einzelner Haken im eleganten, minimalistischen Design \u2013 ideal zum Aufh\u00e4ngen von Kleidung oder Handt\u00fcchern in unterschiedlichsten Bereichen.<br \/>\n\u2022 Besonders geeignet f\u00fcr das Hotel- und Gastst\u00e4ttengewerbe, beispielsweise als Ausstattung f\u00fcr Hotelzimmer. Das Modell ist f\u00fcr \u00f6ffentliche und gewerbliche Einrichtungen geeignet.<br \/>\n\u2022 Ohne abnehmbare Teile, mit verdeckten Befestigungen f\u00fcr eine ansprechende Optik; das Befestigungsmaterial f\u00fcr die Wand ist im Lieferumfang enthalten.<\/p>\n","protected":false},"excerpt":{"rendered":"<p>Einzelner Wandhaken aus rundem Edelstahl AISI 304<\/p>\n","protected":false},"featured_media":28950,"comment_status":"closed","ping_status":"closed","template":"","meta":{"_acf_changed":false},"coleccion":[],"product_brand":[],"product_cat":[1143,1149],"product_tag":[],"class_list":{"0":"post-32257","1":"product","2":"type-product","3":"status-publish","4":"has-post-thumbnail","6":"mercado-internacional","7":"product_cat-badaccessoires","8":"product_cat-serie-medinox","9":"mediclinics-boxed-content","11":"first","12":"instock","13":"product-type-variable"},"acf":[],"_links":{"self":[{"href":"https:\/\/www.mediclinics.com\/de\/wp-json\/wp\/v2\/product\/32257","targetHints":{"allow":["GET"]}}],"collection":[{"href":"https:\/\/www.mediclinics.com\/de\/wp-json\/wp\/v2\/product"}],"about":[{"href":"https:\/\/www.mediclinics.com\/de\/wp-json\/wp\/v2\/types\/product"}],"replies":[{"embeddable":true,"href":"https:\/\/www.mediclinics.com\/de\/wp-json\/wp\/v2\/comments?post=32257"}],"wp:featuredmedia":[{"embeddable":true,"href":"https:\/\/www.mediclinics.com\/de\/wp-json\/wp\/v2\/media\/28950"}],"wp:attachment":[{"href":"https:\/\/www.mediclinics.com\/de\/wp-json\/wp\/v2\/media?parent=32257"}],"wp:term":[{"taxonomy":"coleccion","embeddable":true,"href":"https:\/\/www.mediclinics.com\/de\/wp-json\/wp\/v2\/coleccion?post=32257"},{"taxonomy":"product_brand","embeddable":true,"href":"https:\/\/www.mediclinics.com\/de\/wp-json\/wp\/v2\/product_brand?post=32257"},{"taxonomy":"product_cat","embeddable":true,"href":"https:\/\/www.mediclinics.com\/de\/wp-json\/wp\/v2\/product_cat?post=32257"},{"taxonomy":"product_tag","embeddable":true,"href":"https:\/\/www.mediclinics.com\/de\/wp-json\/wp\/v2\/product_tag?post=32257"}],"curies":[{"name":"wp","href":"https:\/\/api.w.org\/{rel}","templated":true}]}}