{"id":32271,"date":"2025-10-15T14:32:58","date_gmt":"2025-10-15T12:32:58","guid":{"rendered":"https:\/\/www.mediclinics.com\/unkategorisiert\/bathroom-shelf\/"},"modified":"2026-03-03T13:15:48","modified_gmt":"2026-03-03T12:15:48","slug":"badezimmerablage","status":"publish","type":"product","link":"https:\/\/www.mediclinics.com\/de\/badaccessoires\/serie-medisteel\/badezimmerablage\/","title":{"rendered":"Badezimmerablage"},"content":{"rendered":"<p>Rechteckige Badezimmerablage aus Edelstahl AISI 304 zur Wandmontage.<\/p>\n<p>\u2022 Das robuste und zuverl\u00e4ssige Design dieser Badezimmerablage garantiert Qualit\u00e4t und Langlebigkeit.<br \/>\n\u2022 Ideal zur Aufbewahrung von Pflegeartikeln \u2013 f\u00fcr ein stets aufger\u00e4umtes Bad.<br \/>\n\u2022 Geeignet f\u00fcr den Hotelbereich, als Badezimmereinrichtung in Hotelzimmern. Das Modell ist f\u00fcr \u00f6ffentliche und gewerbliche Einrichtungen geeignet.<br \/>\n\u2022 Die Befestigungsschrauben sind f\u00fcr den Nutzer unsichtbar und sorgen so f\u00fcr eine besonders ansprechende Optik.<br \/>\n\u2022 Inklusive Befestigungsmaterial f\u00fcr die Wandmontage.<\/p>\n","protected":false},"excerpt":{"rendered":"<p>Rechteckige Badezimmerablage aus Edelstahl AISI\u00a0304 zur Wandmontage.<\/p>\n","protected":false},"featured_media":29028,"comment_status":"closed","ping_status":"closed","template":"","meta":{"_acf_changed":false},"coleccion":[],"product_brand":[],"product_cat":[1143,1150],"product_tag":[],"class_list":{"0":"post-32271","1":"product","2":"type-product","3":"status-publish","4":"has-post-thumbnail","6":"mercado-internacional","7":"product_cat-badaccessoires","8":"product_cat-serie-medisteel","9":"mediclinics-boxed-content","11":"first","12":"instock","13":"product-type-variable"},"acf":[],"_links":{"self":[{"href":"https:\/\/www.mediclinics.com\/de\/wp-json\/wp\/v2\/product\/32271","targetHints":{"allow":["GET"]}}],"collection":[{"href":"https:\/\/www.mediclinics.com\/de\/wp-json\/wp\/v2\/product"}],"about":[{"href":"https:\/\/www.mediclinics.com\/de\/wp-json\/wp\/v2\/types\/product"}],"replies":[{"embeddable":true,"href":"https:\/\/www.mediclinics.com\/de\/wp-json\/wp\/v2\/comments?post=32271"}],"wp:featuredmedia":[{"embeddable":true,"href":"https:\/\/www.mediclinics.com\/de\/wp-json\/wp\/v2\/media\/29028"}],"wp:attachment":[{"href":"https:\/\/www.mediclinics.com\/de\/wp-json\/wp\/v2\/media?parent=32271"}],"wp:term":[{"taxonomy":"coleccion","embeddable":true,"href":"https:\/\/www.mediclinics.com\/de\/wp-json\/wp\/v2\/coleccion?post=32271"},{"taxonomy":"product_brand","embeddable":true,"href":"https:\/\/www.mediclinics.com\/de\/wp-json\/wp\/v2\/product_brand?post=32271"},{"taxonomy":"product_cat","embeddable":true,"href":"https:\/\/www.mediclinics.com\/de\/wp-json\/wp\/v2\/product_cat?post=32271"},{"taxonomy":"product_tag","embeddable":true,"href":"https:\/\/www.mediclinics.com\/de\/wp-json\/wp\/v2\/product_tag?post=32271"}],"curies":[{"name":"wp","href":"https:\/\/api.w.org\/{rel}","templated":true}]}}