{"id":32275,"date":"2025-10-15T14:32:58","date_gmt":"2025-10-15T12:32:58","guid":{"rendered":"https:\/\/www.mediclinics.com\/unkategorisiert\/soap-dish-2\/"},"modified":"2026-03-03T13:16:41","modified_gmt":"2026-03-03T12:16:41","slug":"seifenschale-2","status":"publish","type":"product","link":"https:\/\/www.mediclinics.com\/de\/badaccessoires\/serie-medisteel\/seifenschale-2\/","title":{"rendered":"Seifenschale"},"content":{"rendered":"<p>Rechteckige Seifenschale aus Edelstahl AISI 304 zur Wandmontage.<\/p>\n<p>\u2022 Sowohl f\u00fcr Hotelb\u00e4der als auch f\u00fcr private Badezimmer geeignet. Das Modell ist f\u00fcr \u00f6ffentliche und gewerbliche Einrichtungen geeignet.<br \/>\n\u2022 Eine an der Halterung angeschwei\u00dfte Rosette verdeckt die Befestigungsschrauben und sorgt f\u00fcr eine besonders ansprechendes Erscheinungsbild.<br \/>\n\u2022 Die Schale verf\u00fcgt \u00fcber 2 \u00d6ffnungen, damit das Wasser abflie\u00dfen kann und die Seife stets trocken bleibt.<br \/>\n\u2022 Inklusive Schrauben und D\u00fcbel f\u00fcr die Wandmontage.<\/p>\n","protected":false},"excerpt":{"rendered":"<p>Rechteckige Seifenschale zur Wandmontage<\/p>\n","protected":false},"featured_media":29007,"comment_status":"closed","ping_status":"closed","template":"","meta":{"_acf_changed":false},"coleccion":[],"product_brand":[],"product_cat":[1143,1150],"product_tag":[],"class_list":{"0":"post-32275","1":"product","2":"type-product","3":"status-publish","4":"has-post-thumbnail","6":"mercado-internacional","7":"product_cat-badaccessoires","8":"product_cat-serie-medisteel","9":"mediclinics-boxed-content","11":"first","12":"instock","13":"product-type-variable"},"acf":[],"_links":{"self":[{"href":"https:\/\/www.mediclinics.com\/de\/wp-json\/wp\/v2\/product\/32275","targetHints":{"allow":["GET"]}}],"collection":[{"href":"https:\/\/www.mediclinics.com\/de\/wp-json\/wp\/v2\/product"}],"about":[{"href":"https:\/\/www.mediclinics.com\/de\/wp-json\/wp\/v2\/types\/product"}],"replies":[{"embeddable":true,"href":"https:\/\/www.mediclinics.com\/de\/wp-json\/wp\/v2\/comments?post=32275"}],"wp:featuredmedia":[{"embeddable":true,"href":"https:\/\/www.mediclinics.com\/de\/wp-json\/wp\/v2\/media\/29007"}],"wp:attachment":[{"href":"https:\/\/www.mediclinics.com\/de\/wp-json\/wp\/v2\/media?parent=32275"}],"wp:term":[{"taxonomy":"coleccion","embeddable":true,"href":"https:\/\/www.mediclinics.com\/de\/wp-json\/wp\/v2\/coleccion?post=32275"},{"taxonomy":"product_brand","embeddable":true,"href":"https:\/\/www.mediclinics.com\/de\/wp-json\/wp\/v2\/product_brand?post=32275"},{"taxonomy":"product_cat","embeddable":true,"href":"https:\/\/www.mediclinics.com\/de\/wp-json\/wp\/v2\/product_cat?post=32275"},{"taxonomy":"product_tag","embeddable":true,"href":"https:\/\/www.mediclinics.com\/de\/wp-json\/wp\/v2\/product_tag?post=32275"}],"curies":[{"name":"wp","href":"https:\/\/api.w.org\/{rel}","templated":true}]}}