{"id":32288,"date":"2025-10-15T14:32:49","date_gmt":"2025-10-15T12:32:49","guid":{"rendered":"https:\/\/www.mediclinics.com\/unkategorisiert\/toilet-paper-holder-lid\/"},"modified":"2026-03-03T12:30:24","modified_gmt":"2026-03-03T11:30:24","slug":"toilettenpapierhalter-mit-deckel-2","status":"publish","type":"product","link":"https:\/\/www.mediclinics.com\/de\/badaccessoires\/serie-medinox\/toilettenpapierhalter-mit-deckel-2\/","title":{"rendered":"Toilettenpapierhalter mit Deckel"},"content":{"rendered":"<p>Einzel-Toilettenpapierhalter mit beweglichem Deckel zur Wandmontage, Rundstange und Platte aus Edelstahl AISI 304.<\/p>\n<p>\u2022 Dieser Toilettenpapierhalter \u00fcberzeugt durch sein elegantes und funktionales Design und passt sich jedem Raum und Bedarf an.<br \/>\n\u2022 Geeignet f\u00fcr den Hotelbereich, als Badezimmereinrichtung in Hotelzimmern. Das Modell ist f\u00fcr \u00f6ffentliche und gewerbliche Einrichtungen geeignet.<br \/>\n\u2022 Mit schwenkbarem Deckel f\u00fcr einen besonders einfachen Papierwechsel.<br \/>\n\u2022 Ohne demontierbare Teile.<br \/>\n\u2022 Die Wandbefestigungen sind verdeckt angebracht und sorgen so f\u00fcr eine besonders ansprechende Optik.<br \/>\n\u2022 Im Lieferumfang sind D\u00fcbel und Schrauben f\u00fcr die Wandmontage enthalten.<\/p>\n","protected":false},"excerpt":{"rendered":"<p>Einzel-Toilettenpapierhalter mit beweglichem Deckel aus Edelstahl AISI 304, zur Wandmontage<\/p>\n","protected":false},"featured_media":28956,"comment_status":"closed","ping_status":"closed","template":"","meta":{"_acf_changed":false},"coleccion":[],"product_brand":[],"product_cat":[1143,1149],"product_tag":[],"class_list":{"0":"post-32288","1":"product","2":"type-product","3":"status-publish","4":"has-post-thumbnail","6":"mercado-internacional","7":"product_cat-badaccessoires","8":"product_cat-serie-medinox","9":"mediclinics-boxed-content","11":"first","12":"instock","13":"product-type-variable"},"acf":[],"_links":{"self":[{"href":"https:\/\/www.mediclinics.com\/de\/wp-json\/wp\/v2\/product\/32288","targetHints":{"allow":["GET"]}}],"collection":[{"href":"https:\/\/www.mediclinics.com\/de\/wp-json\/wp\/v2\/product"}],"about":[{"href":"https:\/\/www.mediclinics.com\/de\/wp-json\/wp\/v2\/types\/product"}],"replies":[{"embeddable":true,"href":"https:\/\/www.mediclinics.com\/de\/wp-json\/wp\/v2\/comments?post=32288"}],"wp:featuredmedia":[{"embeddable":true,"href":"https:\/\/www.mediclinics.com\/de\/wp-json\/wp\/v2\/media\/28956"}],"wp:attachment":[{"href":"https:\/\/www.mediclinics.com\/de\/wp-json\/wp\/v2\/media?parent=32288"}],"wp:term":[{"taxonomy":"coleccion","embeddable":true,"href":"https:\/\/www.mediclinics.com\/de\/wp-json\/wp\/v2\/coleccion?post=32288"},{"taxonomy":"product_brand","embeddable":true,"href":"https:\/\/www.mediclinics.com\/de\/wp-json\/wp\/v2\/product_brand?post=32288"},{"taxonomy":"product_cat","embeddable":true,"href":"https:\/\/www.mediclinics.com\/de\/wp-json\/wp\/v2\/product_cat?post=32288"},{"taxonomy":"product_tag","embeddable":true,"href":"https:\/\/www.mediclinics.com\/de\/wp-json\/wp\/v2\/product_tag?post=32288"}],"curies":[{"name":"wp","href":"https:\/\/api.w.org\/{rel}","templated":true}]}}