{"id":32306,"date":"2025-10-15T14:32:40","date_gmt":"2025-10-15T12:32:40","guid":{"rendered":"https:\/\/www.mediclinics.com\/unkategorisiert\/double-straight-towel-bar-2\/"},"modified":"2026-03-03T10:45:15","modified_gmt":"2026-03-03T09:45:15","slug":"doppel-handtuchhalter-in-gerader-ausfuehrung","status":"publish","type":"product","link":"https:\/\/www.mediclinics.com\/de\/badaccessoires\/serie-medinox\/doppel-handtuchhalter-in-gerader-ausfuehrung\/","title":{"rendered":"Doppel-Handtuchhalter in gerader Ausf\u00fchrung"},"content":{"rendered":"<p>Handtuchhalter mit Rundstange aus Edelstahl AISI 304 f\u00fcr die Wandmontage.<\/p>\n<p>\u2022 Konzipiert, um sich jedem Raum und Bedarf anzupassen.<br \/>\n\u2022 F\u00fcr Hotelb\u00e4der sowie \u00f6ffentliche und gewerbliche Einrichtungen geeignet.<br \/>\n\u2022 Ohne demontierbare Teile.<br \/>\n\u2022 Die Wandbefestigungen sind verdeckt angebracht und sorgen so f\u00fcr eine besonders ansprechende Optik.<br \/>\n\u2022 Befestigungsmaterial f\u00fcr die Wandmontage ist im Lieferumfang enthalten.<\/p>\n","protected":false},"excerpt":{"rendered":"<p>Handtuchhalter mit Rundstange f\u00fcr die Wandmontage<\/p>\n","protected":false},"featured_media":28964,"comment_status":"closed","ping_status":"closed","template":"","meta":{"_acf_changed":false},"coleccion":[],"product_brand":[],"product_cat":[1143,1149],"product_tag":[],"class_list":{"0":"post-32306","1":"product","2":"type-product","3":"status-publish","4":"has-post-thumbnail","6":"mercado-internacional","7":"product_cat-badaccessoires","8":"product_cat-serie-medinox","9":"mediclinics-boxed-content","11":"first","12":"instock","13":"product-type-variable"},"acf":[],"_links":{"self":[{"href":"https:\/\/www.mediclinics.com\/de\/wp-json\/wp\/v2\/product\/32306","targetHints":{"allow":["GET"]}}],"collection":[{"href":"https:\/\/www.mediclinics.com\/de\/wp-json\/wp\/v2\/product"}],"about":[{"href":"https:\/\/www.mediclinics.com\/de\/wp-json\/wp\/v2\/types\/product"}],"replies":[{"embeddable":true,"href":"https:\/\/www.mediclinics.com\/de\/wp-json\/wp\/v2\/comments?post=32306"}],"wp:featuredmedia":[{"embeddable":true,"href":"https:\/\/www.mediclinics.com\/de\/wp-json\/wp\/v2\/media\/28964"}],"wp:attachment":[{"href":"https:\/\/www.mediclinics.com\/de\/wp-json\/wp\/v2\/media?parent=32306"}],"wp:term":[{"taxonomy":"coleccion","embeddable":true,"href":"https:\/\/www.mediclinics.com\/de\/wp-json\/wp\/v2\/coleccion?post=32306"},{"taxonomy":"product_brand","embeddable":true,"href":"https:\/\/www.mediclinics.com\/de\/wp-json\/wp\/v2\/product_brand?post=32306"},{"taxonomy":"product_cat","embeddable":true,"href":"https:\/\/www.mediclinics.com\/de\/wp-json\/wp\/v2\/product_cat?post=32306"},{"taxonomy":"product_tag","embeddable":true,"href":"https:\/\/www.mediclinics.com\/de\/wp-json\/wp\/v2\/product_tag?post=32306"}],"curies":[{"name":"wp","href":"https:\/\/api.w.org\/{rel}","templated":true}]}}