{"id":32326,"date":"2025-10-15T14:32:30","date_gmt":"2025-10-15T12:32:30","guid":{"rendered":"https:\/\/www.mediclinics.com\/unkategorisiert\/bathroom-hook-2\/"},"modified":"2026-02-03T14:16:04","modified_gmt":"2026-02-03T13:16:04","slug":"haken-2","status":"publish","type":"product","link":"https:\/\/www.mediclinics.com\/de\/badaccessoires\/serie-harmonia\/haken-2\/","title":{"rendered":"Haken"},"content":{"rendered":"<p>Einzelner Haken mit klaren, geraden Linien.<\/p>\n<p> \u2022 Hergestellt aus Edelstahl AISI 304, aus der Harmon\u00eda-Serie von Mediclinics.<br \/>\n\u2022 Hochwertiger, korrosionsbest\u00e4ndiger und \u00e4u\u00dferst robuster Edelstahl.<br \/>\n\u2022 Dank modernem und minimalistischem Design sind diese Haken das perfekte Accessoire f\u00fcr elegante und zeitgem\u00e4\u00dfe Waschr\u00e4ume.<br \/>\n\u2022 Mit verdecktem Wandmontagesystem.<\/p>\n","protected":false},"excerpt":{"rendered":"<p>Einzelner Haken aus Edelstahl AISI 304<\/p>\n","protected":false},"featured_media":28916,"comment_status":"closed","ping_status":"closed","template":"","meta":{"_acf_changed":false},"coleccion":[],"product_brand":[],"product_cat":[1143,1145],"product_tag":[],"class_list":{"0":"post-32326","1":"product","2":"type-product","3":"status-publish","4":"has-post-thumbnail","6":"mercado-internacional","7":"product_cat-badaccessoires","8":"product_cat-serie-harmonia","9":"mediclinics-boxed-content","11":"first","12":"instock","13":"product-type-variable"},"acf":[],"_links":{"self":[{"href":"https:\/\/www.mediclinics.com\/de\/wp-json\/wp\/v2\/product\/32326","targetHints":{"allow":["GET"]}}],"collection":[{"href":"https:\/\/www.mediclinics.com\/de\/wp-json\/wp\/v2\/product"}],"about":[{"href":"https:\/\/www.mediclinics.com\/de\/wp-json\/wp\/v2\/types\/product"}],"replies":[{"embeddable":true,"href":"https:\/\/www.mediclinics.com\/de\/wp-json\/wp\/v2\/comments?post=32326"}],"wp:featuredmedia":[{"embeddable":true,"href":"https:\/\/www.mediclinics.com\/de\/wp-json\/wp\/v2\/media\/28916"}],"wp:attachment":[{"href":"https:\/\/www.mediclinics.com\/de\/wp-json\/wp\/v2\/media?parent=32326"}],"wp:term":[{"taxonomy":"coleccion","embeddable":true,"href":"https:\/\/www.mediclinics.com\/de\/wp-json\/wp\/v2\/coleccion?post=32326"},{"taxonomy":"product_brand","embeddable":true,"href":"https:\/\/www.mediclinics.com\/de\/wp-json\/wp\/v2\/product_brand?post=32326"},{"taxonomy":"product_cat","embeddable":true,"href":"https:\/\/www.mediclinics.com\/de\/wp-json\/wp\/v2\/product_cat?post=32326"},{"taxonomy":"product_tag","embeddable":true,"href":"https:\/\/www.mediclinics.com\/de\/wp-json\/wp\/v2\/product_tag?post=32326"}],"curies":[{"name":"wp","href":"https:\/\/api.w.org\/{rel}","templated":true}]}}