{"id":32338,"date":"2025-10-15T14:32:21","date_gmt":"2025-10-15T12:32:21","guid":{"rendered":"https:\/\/www.mediclinics.com\/unkategorisiert\/toilet-brush-holder\/"},"modified":"2026-03-03T09:54:18","modified_gmt":"2026-03-03T08:54:18","slug":"wc-buerstenhalter-5","status":"publish","type":"product","link":"https:\/\/www.mediclinics.com\/de\/badaccessoires\/serie-aura\/wc-buerstenhalter-5\/","title":{"rendered":"WC-B\u00fcrstenhalter"},"content":{"rendered":"<p>Wandmontierter WC-B\u00fcrstenhalter aus Edelstahl AISI 304, aus der Aura-Serie von Mediclinics.<\/p>\n<p>\u2022 Einfache Montage verbunden mit einem klaren, funktionalen und zeitgem\u00e4\u00dfen Design.<br \/>\n\u2022 Mit dem 27,5 cm langen Griff der Toilettenb\u00fcrste gelangt man an alle Stellen f\u00fcr eine einfache Reinigung der Toilette.<br \/>\n\u2022 Der runde Deckel schlie\u00dft hermetisch ab und verhindert so die Ausbreitung unangenehmer Ger\u00fcche. Zudem sch\u00fctzt er die H\u00e4nde vor Flecken und Spritzern.<br \/>\n\u2022 Lange, weiche und dichte B\u00fcrstenborsten sch\u00fctzen die Toilette vor Kratzern und entfernen selbst hartn\u00e4ckige Verschmutzungen effektiv.<\/p>\n","protected":false},"excerpt":{"rendered":"<p>WC-B\u00fcrstenhalter aus Edelstahl AISI 304<\/p>\n","protected":false},"featured_media":28888,"comment_status":"closed","ping_status":"closed","template":"","meta":{"_acf_changed":false},"coleccion":[],"product_brand":[],"product_cat":[1143,1144],"product_tag":[],"class_list":{"0":"post-32338","1":"product","2":"type-product","3":"status-publish","4":"has-post-thumbnail","6":"mercado-internacional","7":"product_cat-badaccessoires","8":"product_cat-serie-aura","9":"mediclinics-boxed-content","11":"first","12":"instock","13":"product-type-variable"},"acf":[],"_links":{"self":[{"href":"https:\/\/www.mediclinics.com\/de\/wp-json\/wp\/v2\/product\/32338","targetHints":{"allow":["GET"]}}],"collection":[{"href":"https:\/\/www.mediclinics.com\/de\/wp-json\/wp\/v2\/product"}],"about":[{"href":"https:\/\/www.mediclinics.com\/de\/wp-json\/wp\/v2\/types\/product"}],"replies":[{"embeddable":true,"href":"https:\/\/www.mediclinics.com\/de\/wp-json\/wp\/v2\/comments?post=32338"}],"wp:featuredmedia":[{"embeddable":true,"href":"https:\/\/www.mediclinics.com\/de\/wp-json\/wp\/v2\/media\/28888"}],"wp:attachment":[{"href":"https:\/\/www.mediclinics.com\/de\/wp-json\/wp\/v2\/media?parent=32338"}],"wp:term":[{"taxonomy":"coleccion","embeddable":true,"href":"https:\/\/www.mediclinics.com\/de\/wp-json\/wp\/v2\/coleccion?post=32338"},{"taxonomy":"product_brand","embeddable":true,"href":"https:\/\/www.mediclinics.com\/de\/wp-json\/wp\/v2\/product_brand?post=32338"},{"taxonomy":"product_cat","embeddable":true,"href":"https:\/\/www.mediclinics.com\/de\/wp-json\/wp\/v2\/product_cat?post=32338"},{"taxonomy":"product_tag","embeddable":true,"href":"https:\/\/www.mediclinics.com\/de\/wp-json\/wp\/v2\/product_tag?post=32338"}],"curies":[{"name":"wp","href":"https:\/\/api.w.org\/{rel}","templated":true}]}}