{"id":32342,"date":"2025-10-15T14:31:52","date_gmt":"2025-10-15T12:31:52","guid":{"rendered":"https:\/\/www.mediclinics.com\/unkategorisiert\/stainless-steel-wall-mounted-water-fountain\/"},"modified":"2026-02-03T14:44:14","modified_gmt":"2026-02-03T13:44:14","slug":"leitungsgebundene-wasserspender-aus-edelstahl-fuer-die-wandmontage","status":"publish","type":"product","link":"https:\/\/www.mediclinics.com\/de\/trinkwasserbrunnen-und-spender\/leitungsgebundene-wasserspender\/leitungsgebundene-wasserspender-aus-edelstahl-fuer-die-wandmontage\/","title":{"rendered":"Leitungsgebundene Wasserspender aus Edelstahl f\u00fcr die Wandmontage"},"content":{"rendered":"<p>Nicht gek\u00fchlter leitungsgebundener Trinkwasserbrunnen in seidenmatter Ausf\u00fchrung f\u00fcr die Wandmontage.<\/p>\n<p>\u2022 Hergestellt aus bakteriostatischem Edelstahl AISI 304, 1,2\u00a0mm stark.<br \/>\n\u2022 Ideal f\u00fcr \u00f6ffentliche Innen- und Au\u00dfenbereiche. Robust und langlebig.<br \/>\n\u2022 Einfache Anbindung an das Trinkwassernetz mit konstanter raumtemperierter Wasserversorgung.<br \/>\n\u2022 Wasserspender mit halbrunder Schale zur Minimierung von Spritzwasser. Flacher, gelochter Ablauf ohne Schrauben \u2013 leicht zu reinigen und vandalensicher.<br \/>\n\u2022 Korrosionsbest\u00e4ndiger Wasserspender aus verchromtem Messing, mit Schnellverschluss, M3\/8&#8220;-Gewinde und einstellbarem Durchfluss. Horizontales Einbauventil \u00d8 1\u00bc&#8220;<br \/>\n\u2022 Inklusive Befestigungsmaterial f\u00fcr die Montage an Ziegelw\u00e4nden und 3\/8\u201d-Flexschlauch f\u00fcr den Anschluss an das Trinkwassernetz.<\/p>\n","protected":false},"excerpt":{"rendered":"<p>Vandalensicherer, leitungsgebundener Trinkwasserbrunnen zur Wandmontage, geeignet f\u00fcr den Innen- und Au\u00dfenbereich<\/p>\n","protected":false},"featured_media":28819,"comment_status":"closed","ping_status":"closed","template":"","meta":{"_acf_changed":false},"coleccion":[],"product_brand":[],"product_cat":[1185,1183],"product_tag":[],"class_list":{"0":"post-32342","1":"product","2":"type-product","3":"status-publish","4":"has-post-thumbnail","6":"mercado-internacional","7":"product_cat-leitungsgebundene-wasserspender","8":"product_cat-trinkwasserbrunnen-und-spender","9":"mediclinics-boxed-content","11":"first","12":"instock","13":"product-type-simple"},"acf":[],"_links":{"self":[{"href":"https:\/\/www.mediclinics.com\/de\/wp-json\/wp\/v2\/product\/32342","targetHints":{"allow":["GET"]}}],"collection":[{"href":"https:\/\/www.mediclinics.com\/de\/wp-json\/wp\/v2\/product"}],"about":[{"href":"https:\/\/www.mediclinics.com\/de\/wp-json\/wp\/v2\/types\/product"}],"replies":[{"embeddable":true,"href":"https:\/\/www.mediclinics.com\/de\/wp-json\/wp\/v2\/comments?post=32342"}],"wp:featuredmedia":[{"embeddable":true,"href":"https:\/\/www.mediclinics.com\/de\/wp-json\/wp\/v2\/media\/28819"}],"wp:attachment":[{"href":"https:\/\/www.mediclinics.com\/de\/wp-json\/wp\/v2\/media?parent=32342"}],"wp:term":[{"taxonomy":"coleccion","embeddable":true,"href":"https:\/\/www.mediclinics.com\/de\/wp-json\/wp\/v2\/coleccion?post=32342"},{"taxonomy":"product_brand","embeddable":true,"href":"https:\/\/www.mediclinics.com\/de\/wp-json\/wp\/v2\/product_brand?post=32342"},{"taxonomy":"product_cat","embeddable":true,"href":"https:\/\/www.mediclinics.com\/de\/wp-json\/wp\/v2\/product_cat?post=32342"},{"taxonomy":"product_tag","embeddable":true,"href":"https:\/\/www.mediclinics.com\/de\/wp-json\/wp\/v2\/product_tag?post=32342"}],"curies":[{"name":"wp","href":"https:\/\/api.w.org\/{rel}","templated":true}]}}