{"id":32343,"date":"2025-10-15T14:31:52","date_gmt":"2025-10-15T12:31:52","guid":{"rendered":"https:\/\/www.mediclinics.com\/unkategorisiert\/wall-mounted-water-fountain\/"},"modified":"2026-02-03T14:44:14","modified_gmt":"2026-02-03T13:44:14","slug":"leitungsgebundene-wasserspender-fuer-die-wandmontage","status":"publish","type":"product","link":"https:\/\/www.mediclinics.com\/de\/trinkwasserbrunnen-und-spender\/leitungsgebundene-wasserspender\/leitungsgebundene-wasserspender-fuer-die-wandmontage\/","title":{"rendered":"Leitungsgebundene Wasserspender f\u00fcr die Wandmontage"},"content":{"rendered":"<p>Leitungsgebundener Trinkwasserbrunnen f\u00fcr raumtemperiertes Wasser, zur Wandmontage, Anschluss an das Trinkwassernetz, in seidenmattem Finish.<\/p>\n<p>\u2022 Hergestellt aus 1 mm starkem AISI 304 Edelstahl.<br \/>\n\u2022 Perfekt f\u00fcr \u00f6ffentliche Innen- und Au\u00dfenbereiche, wie Schulen, Flugh\u00e4fen, Fabriken und mehr. Robust und langlebig.<br \/>\n\u2022 Einfacher Anschluss an das Trinkwassernetz, konstante Versorgung bei Raumtemperatur.<br \/>\n\u2022 Hygienisches, pflegeleichtes Design mit abgerundeten Formen und spritzwassersicherer Schale.<br \/>\n\u2022 Wasserspender und Schwanenhals-Wasserhahn aus verchromtem Messing, robust und korrosionsbest\u00e4ndig. Befestigungsmaterial im Lieferumfang enthalten; Flexschl\u00e4uche nicht enthalten.<\/p>\n","protected":false},"excerpt":{"rendered":"<p>Leitungsgebundener Trinkwasserbrunnen f\u00fcr raumtemperiertes Wasser, zur Wandmontage<\/p>\n","protected":false},"featured_media":28820,"comment_status":"closed","ping_status":"closed","template":"","meta":{"_acf_changed":false},"coleccion":[],"product_brand":[],"product_cat":[1185,1183],"product_tag":[],"class_list":{"0":"post-32343","1":"product","2":"type-product","3":"status-publish","4":"has-post-thumbnail","6":"mercado-internacional","7":"product_cat-leitungsgebundene-wasserspender","8":"product_cat-trinkwasserbrunnen-und-spender","9":"mediclinics-boxed-content","11":"first","12":"instock","13":"product-type-simple"},"acf":[],"_links":{"self":[{"href":"https:\/\/www.mediclinics.com\/de\/wp-json\/wp\/v2\/product\/32343","targetHints":{"allow":["GET"]}}],"collection":[{"href":"https:\/\/www.mediclinics.com\/de\/wp-json\/wp\/v2\/product"}],"about":[{"href":"https:\/\/www.mediclinics.com\/de\/wp-json\/wp\/v2\/types\/product"}],"replies":[{"embeddable":true,"href":"https:\/\/www.mediclinics.com\/de\/wp-json\/wp\/v2\/comments?post=32343"}],"wp:featuredmedia":[{"embeddable":true,"href":"https:\/\/www.mediclinics.com\/de\/wp-json\/wp\/v2\/media\/28820"}],"wp:attachment":[{"href":"https:\/\/www.mediclinics.com\/de\/wp-json\/wp\/v2\/media?parent=32343"}],"wp:term":[{"taxonomy":"coleccion","embeddable":true,"href":"https:\/\/www.mediclinics.com\/de\/wp-json\/wp\/v2\/coleccion?post=32343"},{"taxonomy":"product_brand","embeddable":true,"href":"https:\/\/www.mediclinics.com\/de\/wp-json\/wp\/v2\/product_brand?post=32343"},{"taxonomy":"product_cat","embeddable":true,"href":"https:\/\/www.mediclinics.com\/de\/wp-json\/wp\/v2\/product_cat?post=32343"},{"taxonomy":"product_tag","embeddable":true,"href":"https:\/\/www.mediclinics.com\/de\/wp-json\/wp\/v2\/product_tag?post=32343"}],"curies":[{"name":"wp","href":"https:\/\/api.w.org\/{rel}","templated":true}]}}