{"id":32344,"date":"2025-10-15T14:31:52","date_gmt":"2025-10-15T12:31:52","guid":{"rendered":"https:\/\/www.mediclinics.com\/unkategorisiert\/stainless-steel-floor-mounted-water-fountain-800-mm-height-2\/"},"modified":"2026-02-03T14:44:11","modified_gmt":"2026-02-03T13:44:11","slug":"leitungsgebundener-bodenstehender-wasserspender-aus-edelstahl-800-mm-hoch","status":"publish","type":"product","link":"https:\/\/www.mediclinics.com\/de\/trinkwasserbrunnen-und-spender\/leitungsgebundene-wasserspender\/leitungsgebundener-bodenstehender-wasserspender-aus-edelstahl-800-mm-hoch\/","title":{"rendered":"Leitungsgebundener, bodenstehender Wasserspender aus Edelstahl, 800 mm hoch"},"content":{"rendered":"<p>Leitungsgebundener Trinkwasserspender mit Flaschenf\u00fcllarmatur, 799 mm hoch, in seidenmattem Finish.<\/p>\n<p> Hergestellt aus bakteriostatischem, 0,8\u00a0mm starkem Edelstahl AISI\u00a0304.<br \/>\n\u2022 F\u00fcr \u00f6ffentliche Bereiche mit hohem Publikumsverkehr: Schulen, Flugh\u00e4fen, Einkaufszentren. Geeignet f\u00fcr \u00f6ffentliche und gewerbliche Einrichtungen.<br \/>\n\u2022 Einfacher Anschluss an das Trinkwassernetz mit konstanter Versorgung bei Raumtemperatur.<br \/>\n\u2022 Wasserspender mit halbrunder, spritzwassersicherer Schale. Wasserspender mit Flaschenf\u00fcllarmatur aus verchromtem Messing, mit Schnellverschluss, M3\/8&#8220;-Gewinde und einstellbarem Durchfluss.<br \/>\nAbgerundete Kanten f\u00fcr Sicherheit und Hygiene. Flacher, gelochter Ablauf ohne Schrauben \u2013 leicht zu reinigen und vandalensicher.<br \/>\n\u2022 Vertikaler Einbau-Auslass \u00d8\u00a01\u00bc&#8220;, mit flexiblem Schlauch und Befestigungsmaterial inklusive.<\/p>\n","protected":false},"excerpt":{"rendered":"<p>Vandalensicherer, leitungsgebundener Trinkwasserspender mit Flaschenf\u00fcllarmatur zur Bodenmontage, 799 mm hoch<\/p>\n","protected":false},"featured_media":28818,"comment_status":"closed","ping_status":"closed","template":"","meta":{"_acf_changed":false},"coleccion":[],"product_brand":[],"product_cat":[1185,1183],"product_tag":[],"class_list":{"0":"post-32344","1":"product","2":"type-product","3":"status-publish","4":"has-post-thumbnail","6":"mercado-internacional","7":"product_cat-leitungsgebundene-wasserspender","8":"product_cat-trinkwasserbrunnen-und-spender","9":"mediclinics-boxed-content","11":"first","12":"instock","13":"product-type-simple"},"acf":[],"_links":{"self":[{"href":"https:\/\/www.mediclinics.com\/de\/wp-json\/wp\/v2\/product\/32344","targetHints":{"allow":["GET"]}}],"collection":[{"href":"https:\/\/www.mediclinics.com\/de\/wp-json\/wp\/v2\/product"}],"about":[{"href":"https:\/\/www.mediclinics.com\/de\/wp-json\/wp\/v2\/types\/product"}],"replies":[{"embeddable":true,"href":"https:\/\/www.mediclinics.com\/de\/wp-json\/wp\/v2\/comments?post=32344"}],"wp:featuredmedia":[{"embeddable":true,"href":"https:\/\/www.mediclinics.com\/de\/wp-json\/wp\/v2\/media\/28818"}],"wp:attachment":[{"href":"https:\/\/www.mediclinics.com\/de\/wp-json\/wp\/v2\/media?parent=32344"}],"wp:term":[{"taxonomy":"coleccion","embeddable":true,"href":"https:\/\/www.mediclinics.com\/de\/wp-json\/wp\/v2\/coleccion?post=32344"},{"taxonomy":"product_brand","embeddable":true,"href":"https:\/\/www.mediclinics.com\/de\/wp-json\/wp\/v2\/product_brand?post=32344"},{"taxonomy":"product_cat","embeddable":true,"href":"https:\/\/www.mediclinics.com\/de\/wp-json\/wp\/v2\/product_cat?post=32344"},{"taxonomy":"product_tag","embeddable":true,"href":"https:\/\/www.mediclinics.com\/de\/wp-json\/wp\/v2\/product_tag?post=32344"}],"curies":[{"name":"wp","href":"https:\/\/api.w.org\/{rel}","templated":true}]}}