{"id":32347,"date":"2025-10-15T14:31:41","date_gmt":"2025-10-15T12:31:41","guid":{"rendered":"https:\/\/www.mediclinics.com\/unkategorisiert\/floor-mounted-vandal-resistant-stainless-steel-toilet-2\/"},"modified":"2026-02-03T14:50:37","modified_gmt":"2026-02-03T13:50:37","slug":"vandalensichere-bodenstehende-toilette-aus-edelstahl","status":"publish","type":"product","link":"https:\/\/www.mediclinics.com\/de\/sanitarausstattung-aus-edelstahl\/edelstahl-wcs-urinale\/vandalensichere-bodenstehende-toilette-aus-edelstahl\/","title":{"rendered":"Vandalensichere, bodenstehende Toilette aus Edelstahl"},"content":{"rendered":"<p>Vandalensichere, bodenstehende Toilette aus Edelstahl AISI 304 mit seidenmattem Finish.<\/p>\n<p>\u2022 1,2\u00a0mm stark mit horizontalem Wasserablauf.<br \/>\n\u2022 Vandalensichere, schwei\u00dfnahtfreie Monoblock-Toilette, mit polierter Oberfl\u00e4che und abgerundeten, leicht zu reinigenden Kanten.<br \/>\n\u2022 Die ideale Wahl f\u00fcr hochfrequentierte Sanit\u00e4rbereiche in Polizeistationen, Justizvollzugsanstalten, Krankenh\u00e4usern und \u00f6ffentlichen Einrichtungen.<br \/>\n\u2022 Verdeckte Umrandung und Wassersparfunktion mit nur 3 l pro Sp\u00fclung.<br \/>\n\u2022 Horizontaler oder vertikaler Wasserabfluss: \u00d8 102 mm.<br \/>\n\u2022 Vorgebohrte L\u00f6cher mit Edelstahlabdeckungen zur Sitzbefestigung (Sitz nicht im Lieferumfang enthalten).<br \/>\n\u2022 Schnelle Montage dank der Revisionsklappen und manipulationssicheren Torx-Schrauben.<\/p>\n","protected":false},"excerpt":{"rendered":"<p>Vandalensichere, bodenstehende Toilette aus Edelstahl, in seidenmattem Finish<\/p>\n","protected":false},"featured_media":28854,"comment_status":"closed","ping_status":"closed","template":"","meta":{"_acf_changed":false},"coleccion":[],"product_brand":[],"product_cat":[1233,1235],"product_tag":[],"class_list":{"0":"post-32347","1":"product","2":"type-product","3":"status-publish","4":"has-post-thumbnail","6":"mercado-internacional","7":"product_cat-sanitarausstattung-aus-edelstahl","8":"product_cat-edelstahl-wcs-urinale","9":"mediclinics-boxed-content","11":"first","12":"instock","13":"product-type-simple"},"acf":[],"_links":{"self":[{"href":"https:\/\/www.mediclinics.com\/de\/wp-json\/wp\/v2\/product\/32347","targetHints":{"allow":["GET"]}}],"collection":[{"href":"https:\/\/www.mediclinics.com\/de\/wp-json\/wp\/v2\/product"}],"about":[{"href":"https:\/\/www.mediclinics.com\/de\/wp-json\/wp\/v2\/types\/product"}],"replies":[{"embeddable":true,"href":"https:\/\/www.mediclinics.com\/de\/wp-json\/wp\/v2\/comments?post=32347"}],"wp:featuredmedia":[{"embeddable":true,"href":"https:\/\/www.mediclinics.com\/de\/wp-json\/wp\/v2\/media\/28854"}],"wp:attachment":[{"href":"https:\/\/www.mediclinics.com\/de\/wp-json\/wp\/v2\/media?parent=32347"}],"wp:term":[{"taxonomy":"coleccion","embeddable":true,"href":"https:\/\/www.mediclinics.com\/de\/wp-json\/wp\/v2\/coleccion?post=32347"},{"taxonomy":"product_brand","embeddable":true,"href":"https:\/\/www.mediclinics.com\/de\/wp-json\/wp\/v2\/product_brand?post=32347"},{"taxonomy":"product_cat","embeddable":true,"href":"https:\/\/www.mediclinics.com\/de\/wp-json\/wp\/v2\/product_cat?post=32347"},{"taxonomy":"product_tag","embeddable":true,"href":"https:\/\/www.mediclinics.com\/de\/wp-json\/wp\/v2\/product_tag?post=32347"}],"curies":[{"name":"wp","href":"https:\/\/api.w.org\/{rel}","templated":true}]}}