{"id":32348,"date":"2025-10-15T14:31:41","date_gmt":"2025-10-15T12:31:41","guid":{"rendered":"https:\/\/www.mediclinics.com\/unkategorisiert\/suspended-vandal-resistant-stainless-steel-toilet\/"},"modified":"2026-03-04T12:46:00","modified_gmt":"2026-03-04T11:46:00","slug":"vandalensichere-wandhaengende-toilette-aus-edelstahl","status":"publish","type":"product","link":"https:\/\/www.mediclinics.com\/de\/sanitarausstattung-aus-edelstahl\/edelstahl-wcs-urinale\/vandalensichere-wandhaengende-toilette-aus-edelstahl\/","title":{"rendered":"Vandalensichere, wandh\u00e4ngende Toilette aus Edelstahl"},"content":{"rendered":"<p>Vandalensichere, wandh\u00e4ngende Toilette mit horizontaler Anschlussgarnitur f\u00fcr Abflussrohr, in seidenmattem Finish.<\/p>\n<p>\u2022 Hergestellt aus bakteriostatischem, 1,5 mm dickem Edelstahl AISI 304<br \/>\n\u2022 Kompakte, robuste und vandalensichere Toilette f\u00fcr kleine und \u00f6ffentliche Sanit\u00e4rr\u00e4ume.<br \/>\n\u2022 Polierte Monoblock-Toilette, kompatibel, leicht zu reinigen und korrosionsbest\u00e4ndig.<br \/>\n\u2022 Verdeckter Rand, Wasserzulauf \u00d8 55 mm und horizontaler Abwasserablauf \u00d8 100 mm.<br \/>\n\u2022 Wassersparend, da es mit einer Sp\u00fclung von nur 4 l Wasser auskommt.<br \/>\n\u2022 Inklusive vorgebohrten L\u00f6chern, Befestigungsplatte und 6 manipulationssicheren Torx-Schrauben.<br \/>\n\u2022 CE-Kennzeichnung, entspricht UNE-EN-997 f\u00fcr 4\u00a0l, kompatibel mit den meisten Drucksp\u00fclern und Sp\u00fclk\u00e4sten.<\/p>\n","protected":false},"excerpt":{"rendered":"<p>Wandh\u00e4ngende, bakteriostatische und vandalensichere Toilette aus Edelstahl<\/p>\n","protected":false},"featured_media":28856,"comment_status":"closed","ping_status":"closed","template":"","meta":{"_acf_changed":false},"coleccion":[],"product_brand":[],"product_cat":[1233,1235],"product_tag":[],"class_list":{"0":"post-32348","1":"product","2":"type-product","3":"status-publish","4":"has-post-thumbnail","6":"mercado-internacional","7":"product_cat-sanitarausstattung-aus-edelstahl","8":"product_cat-edelstahl-wcs-urinale","9":"mediclinics-boxed-content","11":"first","12":"instock","13":"product-type-simple"},"acf":[],"_links":{"self":[{"href":"https:\/\/www.mediclinics.com\/de\/wp-json\/wp\/v2\/product\/32348","targetHints":{"allow":["GET"]}}],"collection":[{"href":"https:\/\/www.mediclinics.com\/de\/wp-json\/wp\/v2\/product"}],"about":[{"href":"https:\/\/www.mediclinics.com\/de\/wp-json\/wp\/v2\/types\/product"}],"replies":[{"embeddable":true,"href":"https:\/\/www.mediclinics.com\/de\/wp-json\/wp\/v2\/comments?post=32348"}],"wp:featuredmedia":[{"embeddable":true,"href":"https:\/\/www.mediclinics.com\/de\/wp-json\/wp\/v2\/media\/28856"}],"wp:attachment":[{"href":"https:\/\/www.mediclinics.com\/de\/wp-json\/wp\/v2\/media?parent=32348"}],"wp:term":[{"taxonomy":"coleccion","embeddable":true,"href":"https:\/\/www.mediclinics.com\/de\/wp-json\/wp\/v2\/coleccion?post=32348"},{"taxonomy":"product_brand","embeddable":true,"href":"https:\/\/www.mediclinics.com\/de\/wp-json\/wp\/v2\/product_brand?post=32348"},{"taxonomy":"product_cat","embeddable":true,"href":"https:\/\/www.mediclinics.com\/de\/wp-json\/wp\/v2\/product_cat?post=32348"},{"taxonomy":"product_tag","embeddable":true,"href":"https:\/\/www.mediclinics.com\/de\/wp-json\/wp\/v2\/product_tag?post=32348"}],"curies":[{"name":"wp","href":"https:\/\/api.w.org\/{rel}","templated":true}]}}