{"id":32351,"date":"2025-10-15T14:31:41","date_gmt":"2025-10-15T12:31:41","guid":{"rendered":"https:\/\/www.mediclinics.com\/unkategorisiert\/stainless-steel-urinal-horizontal-water-inlet\/"},"modified":"2026-03-04T12:44:30","modified_gmt":"2026-03-04T11:44:30","slug":"urinal-aus-edelstahl-mit-horizontalem-wasserzulauf","status":"publish","type":"product","link":"https:\/\/www.mediclinics.com\/de\/sanitarausstattung-aus-edelstahl\/edelstahl-wcs-urinale\/urinal-aus-edelstahl-mit-horizontalem-wasserzulauf\/","title":{"rendered":"Urinal aus Edelstahl mit horizontalem Wasserzulauf"},"content":{"rendered":"<p>Einzelurinal aus Edelstahl mit ovaler Beckenform f\u00fcr die direkte Wandmontage.<\/p>\n<p>\u2022 Bakteriostatisch, 1,2 mm stark, mit seidenmattem Finish.<br \/>\n\u2022 Kompatibel mit allen g\u00e4ngigen Halterungen f\u00fcr wandh\u00e4ngende Urinale.<br \/>\n\u2022 Seitlicher verdeckter Wasserzulauf und -ablauf.<br \/>\n\u2022 Schnelle und einfache Montage mit Edelstahl-Wandhalterung.<br \/>\n\u2022 Inklusive 1\u00bd&#8220;-Siphon, Befestigungsmaterial f\u00fcr die Montage an Ziegelw\u00e4nden und manipulationssichere Torx-Schrauben.<br \/>\n\u2022 CE-Kennzeichnung, entspricht der Norm UNE-EN 13407 und ist kompatibel mit allen Urinal-Drucksp\u00fclern.<\/p>\n","protected":false},"excerpt":{"rendered":"<p>Vandalensicheres Urinal mit ovaler Beckenform f\u00fcr die Wandmontage, mit verdecktem horizontalem Zu- und Ablauf.<\/p>\n","protected":false},"featured_media":28880,"comment_status":"closed","ping_status":"closed","template":"","meta":{"_acf_changed":false},"coleccion":[],"product_brand":[],"product_cat":[1233,1235],"product_tag":[],"class_list":{"0":"post-32351","1":"product","2":"type-product","3":"status-publish","4":"has-post-thumbnail","6":"mercado-internacional","7":"product_cat-sanitarausstattung-aus-edelstahl","8":"product_cat-edelstahl-wcs-urinale","9":"mediclinics-boxed-content","11":"first","12":"instock","13":"product-type-simple"},"acf":[],"_links":{"self":[{"href":"https:\/\/www.mediclinics.com\/de\/wp-json\/wp\/v2\/product\/32351","targetHints":{"allow":["GET"]}}],"collection":[{"href":"https:\/\/www.mediclinics.com\/de\/wp-json\/wp\/v2\/product"}],"about":[{"href":"https:\/\/www.mediclinics.com\/de\/wp-json\/wp\/v2\/types\/product"}],"replies":[{"embeddable":true,"href":"https:\/\/www.mediclinics.com\/de\/wp-json\/wp\/v2\/comments?post=32351"}],"wp:featuredmedia":[{"embeddable":true,"href":"https:\/\/www.mediclinics.com\/de\/wp-json\/wp\/v2\/media\/28880"}],"wp:attachment":[{"href":"https:\/\/www.mediclinics.com\/de\/wp-json\/wp\/v2\/media?parent=32351"}],"wp:term":[{"taxonomy":"coleccion","embeddable":true,"href":"https:\/\/www.mediclinics.com\/de\/wp-json\/wp\/v2\/coleccion?post=32351"},{"taxonomy":"product_brand","embeddable":true,"href":"https:\/\/www.mediclinics.com\/de\/wp-json\/wp\/v2\/product_brand?post=32351"},{"taxonomy":"product_cat","embeddable":true,"href":"https:\/\/www.mediclinics.com\/de\/wp-json\/wp\/v2\/product_cat?post=32351"},{"taxonomy":"product_tag","embeddable":true,"href":"https:\/\/www.mediclinics.com\/de\/wp-json\/wp\/v2\/product_tag?post=32351"}],"curies":[{"name":"wp","href":"https:\/\/api.w.org\/{rel}","templated":true}]}}