{"id":32353,"date":"2025-10-15T14:31:41","date_gmt":"2025-10-15T12:31:41","guid":{"rendered":"https:\/\/www.mediclinics.com\/unkategorisiert\/stainless-steel-turkish-toilet-plate\/"},"modified":"2026-02-03T14:50:43","modified_gmt":"2026-02-03T13:50:43","slug":"hocktoilette-aus-edelstahl","status":"publish","type":"product","link":"https:\/\/www.mediclinics.com\/de\/sanitarausstattung-aus-edelstahl\/edelstahl-sonstige\/hocktoilette-aus-edelstahl\/","title":{"rendered":"Hocktoilette aus Edelstahl"},"content":{"rendered":"<p>Vandalensichere Hocktoilette f\u00fcr den Bodeneinbau, in seidenmattem Finish.<\/p>\n<p>\u2022 Hergestellt aus bakteriostatischem, 1,2\u00a0mm dickem und rostbest\u00e4ndigem Edelstahl AISI\u00a0304.<br \/>\n\u2022 Einteilige Konstruktion, die die Ansammlung von Schmutz verhindert.<br \/>\n\u2022 Unisex-Hocktoilette, ideal f\u00fcr stark frequentierte Sanit\u00e4rr\u00e4ume.<br \/>\n\u2022 Umrandung, rutschfeste Standfl\u00e4che und Wasserstrahld\u00fcse sorgen f\u00fcr maximale Sicherheit und Hygiene.<br \/>\n\u2022 Ablauf mit einzelnem vertikalem Ausgang, \u00d8 100 mm.<\/p>\n","protected":false},"excerpt":{"rendered":"<p>Vandalensichere, bakteriostatische Hocktoilette f\u00fcr den Bodeneinbau<\/p>\n","protected":false},"featured_media":28878,"comment_status":"closed","ping_status":"closed","template":"","meta":{"_acf_changed":false},"coleccion":[],"product_brand":[],"product_cat":[1233,1237],"product_tag":[],"class_list":{"0":"post-32353","1":"product","2":"type-product","3":"status-publish","4":"has-post-thumbnail","6":"mercado-internacional","7":"product_cat-sanitarausstattung-aus-edelstahl","8":"product_cat-edelstahl-sonstige","9":"mediclinics-boxed-content","11":"first","12":"instock","13":"product-type-simple"},"acf":[],"_links":{"self":[{"href":"https:\/\/www.mediclinics.com\/de\/wp-json\/wp\/v2\/product\/32353","targetHints":{"allow":["GET"]}}],"collection":[{"href":"https:\/\/www.mediclinics.com\/de\/wp-json\/wp\/v2\/product"}],"about":[{"href":"https:\/\/www.mediclinics.com\/de\/wp-json\/wp\/v2\/types\/product"}],"replies":[{"embeddable":true,"href":"https:\/\/www.mediclinics.com\/de\/wp-json\/wp\/v2\/comments?post=32353"}],"wp:featuredmedia":[{"embeddable":true,"href":"https:\/\/www.mediclinics.com\/de\/wp-json\/wp\/v2\/media\/28878"}],"wp:attachment":[{"href":"https:\/\/www.mediclinics.com\/de\/wp-json\/wp\/v2\/media?parent=32353"}],"wp:term":[{"taxonomy":"coleccion","embeddable":true,"href":"https:\/\/www.mediclinics.com\/de\/wp-json\/wp\/v2\/coleccion?post=32353"},{"taxonomy":"product_brand","embeddable":true,"href":"https:\/\/www.mediclinics.com\/de\/wp-json\/wp\/v2\/product_brand?post=32353"},{"taxonomy":"product_cat","embeddable":true,"href":"https:\/\/www.mediclinics.com\/de\/wp-json\/wp\/v2\/product_cat?post=32353"},{"taxonomy":"product_tag","embeddable":true,"href":"https:\/\/www.mediclinics.com\/de\/wp-json\/wp\/v2\/product_tag?post=32353"}],"curies":[{"name":"wp","href":"https:\/\/api.w.org\/{rel}","templated":true}]}}