{"id":32372,"date":"2025-10-15T14:31:30","date_gmt":"2025-10-15T12:31:30","guid":{"rendered":"https:\/\/www.mediclinics.com\/unkategorisiert\/recessed-stainless-steel-washbasin-6\/"},"modified":"2026-04-22T16:47:20","modified_gmt":"2026-04-22T14:47:20","slug":"einbauwaschbecken-aus-edelstahl-6","status":"publish","type":"product","link":"https:\/\/www.mediclinics.com\/de\/sanitarausstattung-aus-edelstahl\/edelstahl-waschbecken\/einbauwaschbecken-aus-edelstahl-6\/","title":{"rendered":"Einbauwaschbecken aus Edelstahl"},"content":{"rendered":"<p>Halbkugelf\u00f6rmiges Waschbecken mit \u00dcberlaufloch f\u00fcr den Waschtischeinbau, aus 1,2 mm starkem Edelstahl AISI 304.<\/p>\n<p>\u2022 Ausgestattet mit einer gebogenen Kante f\u00fcr einen einfachen Einbau in den Waschtisch.<br \/>\n\u2022 Dank ihres kompakten, robusten und vandalensicheren Designs eignen sich diese Waschbecken besonders f\u00fcr jede Art von \u00f6ffentlichen Sanit\u00e4rr\u00e4umen.<br \/>\n\u2022 Sehr leicht zu reinigen.<br \/>\n\u2022 Hohe Korrosionsbest\u00e4ndigkeit.<br \/>\n\u2022 Optional mit \u00dcberlauf-KIT, Code KTR100, erh\u00e4ltlich.<\/p>\n","protected":false},"excerpt":{"rendered":"<p>Halbkugelf\u00f6rmiges Einbauwaschbecken mit \u00dcberlaufloch f\u00fcr den Einbau in den Waschtisch<\/p>\n","protected":false},"featured_media":28868,"comment_status":"closed","ping_status":"closed","template":"","meta":{"_acf_changed":false},"coleccion":[],"product_brand":[],"product_cat":[1233,1234],"product_tag":[1267],"class_list":{"0":"post-32372","1":"product","2":"type-product","3":"status-publish","4":"has-post-thumbnail","6":"mercado-internacional","7":"product_cat-sanitarausstattung-aus-edelstahl","8":"product_cat-edelstahl-waschbecken","9":"product_tag-eingebaut","10":"mediclinics-boxed-content","12":"first","13":"instock","14":"product-type-variable"},"acf":[],"_links":{"self":[{"href":"https:\/\/www.mediclinics.com\/de\/wp-json\/wp\/v2\/product\/32372","targetHints":{"allow":["GET"]}}],"collection":[{"href":"https:\/\/www.mediclinics.com\/de\/wp-json\/wp\/v2\/product"}],"about":[{"href":"https:\/\/www.mediclinics.com\/de\/wp-json\/wp\/v2\/types\/product"}],"replies":[{"embeddable":true,"href":"https:\/\/www.mediclinics.com\/de\/wp-json\/wp\/v2\/comments?post=32372"}],"wp:featuredmedia":[{"embeddable":true,"href":"https:\/\/www.mediclinics.com\/de\/wp-json\/wp\/v2\/media\/28868"}],"wp:attachment":[{"href":"https:\/\/www.mediclinics.com\/de\/wp-json\/wp\/v2\/media?parent=32372"}],"wp:term":[{"taxonomy":"coleccion","embeddable":true,"href":"https:\/\/www.mediclinics.com\/de\/wp-json\/wp\/v2\/coleccion?post=32372"},{"taxonomy":"product_brand","embeddable":true,"href":"https:\/\/www.mediclinics.com\/de\/wp-json\/wp\/v2\/product_brand?post=32372"},{"taxonomy":"product_cat","embeddable":true,"href":"https:\/\/www.mediclinics.com\/de\/wp-json\/wp\/v2\/product_cat?post=32372"},{"taxonomy":"product_tag","embeddable":true,"href":"https:\/\/www.mediclinics.com\/de\/wp-json\/wp\/v2\/product_tag?post=32372"}],"curies":[{"name":"wp","href":"https:\/\/api.w.org\/{rel}","templated":true}]}}