{"id":32379,"date":"2025-10-15T14:31:21","date_gmt":"2025-10-15T12:31:21","guid":{"rendered":"https:\/\/www.mediclinics.com\/unkategorisiert\/recessed-kit-horizontal-baby-changing-table\/"},"modified":"2026-02-24T10:23:40","modified_gmt":"2026-02-24T09:23:40","slug":"wandeinbausatz-fuer-horizontalen-wickeltisch","status":"publish","type":"product","link":"https:\/\/www.mediclinics.com\/de\/wickeltische\/wandeinbau-wickeltische\/wandeinbausatz-fuer-horizontalen-wickeltisch\/","title":{"rendered":"Wandeinbausatz f\u00fcr horizontalen Wickeltisch"},"content":{"rendered":"<p>Wandeinbausatz f\u00fcr unseren horizontalen BabyMedi-Wickeltisch<\/p>\n<p>\u2022 Damit l\u00e4sst sich der Wickeltisch nach dem Hochklappen vollst\u00e4ndig b\u00fcndig mit der Wand abschlie\u00dfen.<br \/>\n\u2022 Er nimmt keinen unn\u00f6tigen Platz ein und schafft dadurch offene, hindernisfreie R\u00e4ume.<br \/>\n\u2022 M\u00f6glichkeit der Kombination von Oberfl\u00e4chen zwischen dem Einbausatz und dem Wickeltisch f\u00fcr Babys.<br \/>\n\u2022 \u00c4usserst robust und vandalensicher.<br \/>\n\u2022 Ausgezeichnete Integration und \u00c4sthetik.<\/p>\n","protected":false},"excerpt":{"rendered":"<p>Wandeinbausatz f\u00fcr den horizontalen BabyMedi-Wickeltisch in \u00f6ffentlichen Sanit\u00e4rr\u00e4umen<\/p>\n","protected":false},"featured_media":30183,"comment_status":"closed","ping_status":"closed","template":"","meta":{"_acf_changed":false},"coleccion":[],"product_brand":[],"product_cat":[1211,1209],"product_tag":[1265],"class_list":{"0":"post-32379","1":"product","2":"type-product","3":"status-publish","4":"has-post-thumbnail","6":"mercado-internacional","7":"product_cat-wandeinbau-wickeltische","8":"product_cat-wickeltische","9":"product_tag-horizontal","10":"mediclinics-boxed-content","12":"first","13":"instock","14":"product-type-variable"},"acf":[],"_links":{"self":[{"href":"https:\/\/www.mediclinics.com\/de\/wp-json\/wp\/v2\/product\/32379","targetHints":{"allow":["GET"]}}],"collection":[{"href":"https:\/\/www.mediclinics.com\/de\/wp-json\/wp\/v2\/product"}],"about":[{"href":"https:\/\/www.mediclinics.com\/de\/wp-json\/wp\/v2\/types\/product"}],"replies":[{"embeddable":true,"href":"https:\/\/www.mediclinics.com\/de\/wp-json\/wp\/v2\/comments?post=32379"}],"wp:featuredmedia":[{"embeddable":true,"href":"https:\/\/www.mediclinics.com\/de\/wp-json\/wp\/v2\/media\/30183"}],"wp:attachment":[{"href":"https:\/\/www.mediclinics.com\/de\/wp-json\/wp\/v2\/media?parent=32379"}],"wp:term":[{"taxonomy":"coleccion","embeddable":true,"href":"https:\/\/www.mediclinics.com\/de\/wp-json\/wp\/v2\/coleccion?post=32379"},{"taxonomy":"product_brand","embeddable":true,"href":"https:\/\/www.mediclinics.com\/de\/wp-json\/wp\/v2\/product_brand?post=32379"},{"taxonomy":"product_cat","embeddable":true,"href":"https:\/\/www.mediclinics.com\/de\/wp-json\/wp\/v2\/product_cat?post=32379"},{"taxonomy":"product_tag","embeddable":true,"href":"https:\/\/www.mediclinics.com\/de\/wp-json\/wp\/v2\/product_tag?post=32379"}],"curies":[{"name":"wp","href":"https:\/\/api.w.org\/{rel}","templated":true}]}}