{"id":32390,"date":"2025-10-15T14:30:22","date_gmt":"2025-10-15T12:30:22","guid":{"rendered":"https:\/\/www.mediclinics.com\/unkategorisiert\/mediclinics-all-in-one-wall-unit\/"},"modified":"2026-04-08T13:35:34","modified_gmt":"2026-04-08T11:35:34","slug":"mediclinics-all-in-one-wandausfuehrung","status":"publish","type":"product","link":"https:\/\/www.mediclinics.com\/de\/wasch-und-trocknereinheiten\/wandausfuehrung\/mediclinics-all-in-one-wandausfuehrung\/","title":{"rendered":"Mediclinics All-in-One Wandausf\u00fchrung"},"content":{"rendered":"<p>Mediclinics\u00ae All-in-One ist eine integrierte Wasch- und Trocknereinheit f\u00fcr die Wandmontage, bestehend aus drei Komponenten: einem automatischen H\u00e4ndetrockner, einem automatischen Wasserhahn und einem automatischen Seifenspender.<\/p>\n<p>\u2022 Mediclinics\u00ae All-in-One wurde entwickelt, um Wasserspritzer auf dem Boden zu vermeiden, Platz zu sparen und den Aufenthalt im Waschraum zu verk\u00fcrzen.<\/p>\n<p>\u2022 Die All-in-One-L\u00f6sungen von Mediclinics\u00ae verbinden stilvolles Design mit hoher Leistungsf\u00e4higkeit \u2013 f\u00fcr Eleganz und Effizienz auf h\u00f6chstem Niveau. Mit ihrem modernen Erscheinungsbild, klaren Linien und eleganten Rundungen sowie durchdachter Funktionalit\u00e4t setzen diese Wasch- und Trocknereinheiten neue Ma\u00dfst\u00e4be im Sanit\u00e4rbereich.<\/p>\n<p>\u2022 Die All-in-One-L\u00f6sungen von Mediclinics\u00ae sind umweltfreundlich und erm\u00f6glichen \u00fcber 73 % Kosteneinsparung im Vergleich zu \u00e4hnlichen Systemen auf dem Markt.<\/p>\n<p>\u2022 Es wird standardm\u00e4\u00dfig mit einem Plug-in-System geliefert, das eine schnelle Installation und eine einfache Wartung gew\u00e4hrleistet.<\/p>\n<p>\u2022 All-in-One ist \u00e4u\u00dferst hygienisch, da es \u00fcber ein HEPA-Filtermedium und die Ion Hygienic\u00ae-Technologie verf\u00fcgt, die die Luft reinigen und aufbereiten.<\/p>\n","protected":false},"excerpt":{"rendered":"<p>Mediclinics All-In-One Wandausf\u00fchrung<\/p>\n","protected":false},"featured_media":28688,"comment_status":"closed","ping_status":"closed","template":"","meta":{"_acf_changed":false},"coleccion":[819,415],"product_brand":[],"product_cat":[1139,1138],"product_tag":[],"class_list":{"0":"post-32390","1":"product","2":"type-product","3":"status-publish","4":"has-post-thumbnail","6":"coleccion-contract","7":"coleccion-elegant","8":"mercado-internacional","9":"product_cat-wandausfuehrung","10":"product_cat-wasch-und-trocknereinheiten","11":"mediclinics-boxed-content","13":"first","14":"instock","15":"product-type-variable"},"acf":[],"_links":{"self":[{"href":"https:\/\/www.mediclinics.com\/de\/wp-json\/wp\/v2\/product\/32390","targetHints":{"allow":["GET"]}}],"collection":[{"href":"https:\/\/www.mediclinics.com\/de\/wp-json\/wp\/v2\/product"}],"about":[{"href":"https:\/\/www.mediclinics.com\/de\/wp-json\/wp\/v2\/types\/product"}],"replies":[{"embeddable":true,"href":"https:\/\/www.mediclinics.com\/de\/wp-json\/wp\/v2\/comments?post=32390"}],"wp:featuredmedia":[{"embeddable":true,"href":"https:\/\/www.mediclinics.com\/de\/wp-json\/wp\/v2\/media\/28688"}],"wp:attachment":[{"href":"https:\/\/www.mediclinics.com\/de\/wp-json\/wp\/v2\/media?parent=32390"}],"wp:term":[{"taxonomy":"coleccion","embeddable":true,"href":"https:\/\/www.mediclinics.com\/de\/wp-json\/wp\/v2\/coleccion?post=32390"},{"taxonomy":"product_brand","embeddable":true,"href":"https:\/\/www.mediclinics.com\/de\/wp-json\/wp\/v2\/product_brand?post=32390"},{"taxonomy":"product_cat","embeddable":true,"href":"https:\/\/www.mediclinics.com\/de\/wp-json\/wp\/v2\/product_cat?post=32390"},{"taxonomy":"product_tag","embeddable":true,"href":"https:\/\/www.mediclinics.com\/de\/wp-json\/wp\/v2\/product_tag?post=32390"}],"curies":[{"name":"wp","href":"https:\/\/api.w.org\/{rel}","templated":true}]}}