{"id":32400,"date":"2025-10-15T14:30:22","date_gmt":"2025-10-15T12:30:22","guid":{"rendered":"https:\/\/www.mediclinics.com\/unkategorisiert\/65l-waste-bin-self-closing-lid\/"},"modified":"2026-03-04T12:00:49","modified_gmt":"2026-03-04T11:00:49","slug":"abfallbehaelter-mit-selbstschliessendem-deckel-65-l","status":"publish","type":"product","link":"https:\/\/www.mediclinics.com\/de\/abfalleimer-und-andere-behalter\/abfallbehalter\/abfallbehaelter-mit-selbstschliessendem-deckel-65-l\/","title":{"rendered":"Abfallbeh\u00e4lter mit selbstschlie\u00dfendem Deckel, 65\u00a0l"},"content":{"rendered":"<p>Manuell zu \u00f6ffnender rechteckiger Abfallbeh\u00e4lter mit selbstschlie\u00dfendem Deckel.<\/p>\n<p>\u2022 Kann direkt auf dem Fu\u00dfboden gestellt oder an der Wand befestigt werden.<br \/>\n\u2022 Geeignet f\u00fcr sehr h\u00e4ufig frequentierte Toilettenr\u00e4ume und \u00f6ffentliche Innenbereiche.<br \/>\n\u2022 Befestigungssystem zum Fixieren des Abfallbeutels im Inneren.<br \/>\n\u2022 4 zylindrische Gummif\u00fc\u00dfe am Boden sch\u00fctzen den Abfallbeh\u00e4lter vor Feuchtigkeit.<\/p>\n","protected":false},"excerpt":{"rendered":"<p>Rechteckiger Abfallbeh\u00e4lter mit selbstschlie\u00dfendem Deckel<\/p>\n","protected":false},"featured_media":28772,"comment_status":"closed","ping_status":"closed","template":"","meta":{"_acf_changed":false},"coleccion":[],"product_brand":[],"product_cat":[1240,1238],"product_tag":[1163],"class_list":{"0":"post-32400","1":"product","2":"type-product","3":"status-publish","4":"has-post-thumbnail","6":"mercado-internacional","7":"product_cat-abfallbehalter","8":"product_cat-abfalleimer-und-andere-behalter","9":"product_tag-65-80l","10":"mediclinics-boxed-content","12":"first","13":"instock","14":"product-type-variable"},"acf":[],"_links":{"self":[{"href":"https:\/\/www.mediclinics.com\/de\/wp-json\/wp\/v2\/product\/32400","targetHints":{"allow":["GET"]}}],"collection":[{"href":"https:\/\/www.mediclinics.com\/de\/wp-json\/wp\/v2\/product"}],"about":[{"href":"https:\/\/www.mediclinics.com\/de\/wp-json\/wp\/v2\/types\/product"}],"replies":[{"embeddable":true,"href":"https:\/\/www.mediclinics.com\/de\/wp-json\/wp\/v2\/comments?post=32400"}],"wp:featuredmedia":[{"embeddable":true,"href":"https:\/\/www.mediclinics.com\/de\/wp-json\/wp\/v2\/media\/28772"}],"wp:attachment":[{"href":"https:\/\/www.mediclinics.com\/de\/wp-json\/wp\/v2\/media?parent=32400"}],"wp:term":[{"taxonomy":"coleccion","embeddable":true,"href":"https:\/\/www.mediclinics.com\/de\/wp-json\/wp\/v2\/coleccion?post=32400"},{"taxonomy":"product_brand","embeddable":true,"href":"https:\/\/www.mediclinics.com\/de\/wp-json\/wp\/v2\/product_brand?post=32400"},{"taxonomy":"product_cat","embeddable":true,"href":"https:\/\/www.mediclinics.com\/de\/wp-json\/wp\/v2\/product_cat?post=32400"},{"taxonomy":"product_tag","embeddable":true,"href":"https:\/\/www.mediclinics.com\/de\/wp-json\/wp\/v2\/product_tag?post=32400"}],"curies":[{"name":"wp","href":"https:\/\/api.w.org\/{rel}","templated":true}]}}