{"id":32419,"date":"2025-09-30T17:23:48","date_gmt":"2025-09-30T15:23:48","guid":{"rendered":"https:\/\/www.mediclinics.com\/unkategorisiert\/recessed-c-z-paper-towel-dispenser-2\/"},"modified":"2026-03-02T15:21:14","modified_gmt":"2026-03-02T14:21:14","slug":"papierhandtuchspender-mit-c-z-falz-zum-wandeinbau","status":"publish","type":"product","link":"https:\/\/www.mediclinics.com\/de\/papierhandtuchspender\/falthandtuch\/papierhandtuchspender-mit-c-z-falz-zum-wandeinbau\/","title":{"rendered":"Papierhandtuchspender mit C-\/Z-Falz zum Wandeinbau"},"content":{"rendered":"<p>Papierhandtuchspender mit C-\/Z-Falz zur Wandmontage<\/p>\n<p>\u2022 Gefertigt aus Edelstahl AISI\u00a0304.<br \/>\n\u2022 Papierhandtuchspender mit minimalistischem und modernem Design.<br \/>\n\u2022 Mit einer maximalen Kapazit\u00e4t f\u00fcr 200 und 400 Falthandt\u00fccher.<br \/>\n\u2022 Die Vorderseite ist so konzipiert, dass sie auch starken St\u00f6\u00dfen standh\u00e4lt.<\/p>\n","protected":false},"excerpt":{"rendered":"<p>Wandmontierter Papierhandtuchspender<\/p>\n","protected":false},"featured_media":28051,"comment_status":"closed","ping_status":"closed","template":"","meta":{"_acf_changed":false},"coleccion":[],"product_brand":[],"product_cat":[1223,1220],"product_tag":[1169],"class_list":{"0":"post-32419","1":"product","2":"type-product","3":"status-publish","4":"has-post-thumbnail","6":"mercado-internacional","7":"product_cat-falthandtuch","8":"product_cat-papierhandtuchspender","9":"product_tag-kap-200-400","10":"mediclinics-boxed-content","12":"first","13":"instock","14":"product-type-simple"},"acf":[],"_links":{"self":[{"href":"https:\/\/www.mediclinics.com\/de\/wp-json\/wp\/v2\/product\/32419","targetHints":{"allow":["GET"]}}],"collection":[{"href":"https:\/\/www.mediclinics.com\/de\/wp-json\/wp\/v2\/product"}],"about":[{"href":"https:\/\/www.mediclinics.com\/de\/wp-json\/wp\/v2\/types\/product"}],"replies":[{"embeddable":true,"href":"https:\/\/www.mediclinics.com\/de\/wp-json\/wp\/v2\/comments?post=32419"}],"wp:featuredmedia":[{"embeddable":true,"href":"https:\/\/www.mediclinics.com\/de\/wp-json\/wp\/v2\/media\/28051"}],"wp:attachment":[{"href":"https:\/\/www.mediclinics.com\/de\/wp-json\/wp\/v2\/media?parent=32419"}],"wp:term":[{"taxonomy":"coleccion","embeddable":true,"href":"https:\/\/www.mediclinics.com\/de\/wp-json\/wp\/v2\/coleccion?post=32419"},{"taxonomy":"product_brand","embeddable":true,"href":"https:\/\/www.mediclinics.com\/de\/wp-json\/wp\/v2\/product_brand?post=32419"},{"taxonomy":"product_cat","embeddable":true,"href":"https:\/\/www.mediclinics.com\/de\/wp-json\/wp\/v2\/product_cat?post=32419"},{"taxonomy":"product_tag","embeddable":true,"href":"https:\/\/www.mediclinics.com\/de\/wp-json\/wp\/v2\/product_tag?post=32419"}],"curies":[{"name":"wp","href":"https:\/\/api.w.org\/{rel}","templated":true}]}}