{"id":32425,"date":"2025-09-30T15:45:32","date_gmt":"2025-09-30T13:45:32","guid":{"rendered":"https:\/\/www.mediclinics.com\/unkategorisiert\/standard-toilet-paper-dispenser-2\/"},"modified":"2026-02-27T12:04:05","modified_gmt":"2026-02-27T11:04:05","slug":"standard-toilettenpapierspender","status":"publish","type":"product","link":"https:\/\/www.mediclinics.com\/de\/toilettenpapierspender\/2-rollen\/standard-toilettenpapierspender\/","title":{"rendered":"Standard-Toilettenpapierspender"},"content":{"rendered":"<p>Toilettenpapierspender f\u00fcr Standardrollen.<\/p>\n<p>\u2022 Fassungsverm\u00f6gen f\u00fcr 2 Rollen und zur direkten Wandmontage.<br \/>\n\u2022 Ideal f\u00fcr stark frequentierte \u00f6ffentliche Waschr\u00e4ume.<\/p>\n","protected":false},"excerpt":{"rendered":"<p>Doppel-Toilettenpapierspender aus Edelstahl mit seidenmattem Finish f\u00fcr die Wandmontage<\/p>\n","protected":false},"featured_media":28003,"comment_status":"closed","ping_status":"closed","template":"","meta":{"_acf_changed":false},"coleccion":[],"product_brand":[],"product_cat":[1215,1214],"product_tag":[],"class_list":{"0":"post-32425","1":"product","2":"type-product","3":"status-publish","4":"has-post-thumbnail","6":"mercado-internacional","7":"product_cat-2-rollen","8":"product_cat-toilettenpapierspender","9":"mediclinics-boxed-content","11":"first","12":"instock","13":"product-type-simple"},"acf":[],"_links":{"self":[{"href":"https:\/\/www.mediclinics.com\/de\/wp-json\/wp\/v2\/product\/32425","targetHints":{"allow":["GET"]}}],"collection":[{"href":"https:\/\/www.mediclinics.com\/de\/wp-json\/wp\/v2\/product"}],"about":[{"href":"https:\/\/www.mediclinics.com\/de\/wp-json\/wp\/v2\/types\/product"}],"replies":[{"embeddable":true,"href":"https:\/\/www.mediclinics.com\/de\/wp-json\/wp\/v2\/comments?post=32425"}],"wp:featuredmedia":[{"embeddable":true,"href":"https:\/\/www.mediclinics.com\/de\/wp-json\/wp\/v2\/media\/28003"}],"wp:attachment":[{"href":"https:\/\/www.mediclinics.com\/de\/wp-json\/wp\/v2\/media?parent=32425"}],"wp:term":[{"taxonomy":"coleccion","embeddable":true,"href":"https:\/\/www.mediclinics.com\/de\/wp-json\/wp\/v2\/coleccion?post=32425"},{"taxonomy":"product_brand","embeddable":true,"href":"https:\/\/www.mediclinics.com\/de\/wp-json\/wp\/v2\/product_brand?post=32425"},{"taxonomy":"product_cat","embeddable":true,"href":"https:\/\/www.mediclinics.com\/de\/wp-json\/wp\/v2\/product_cat?post=32425"},{"taxonomy":"product_tag","embeddable":true,"href":"https:\/\/www.mediclinics.com\/de\/wp-json\/wp\/v2\/product_tag?post=32425"}],"curies":[{"name":"wp","href":"https:\/\/api.w.org\/{rel}","templated":true}]}}