{"id":32426,"date":"2025-09-30T15:45:32","date_gmt":"2025-09-30T13:45:32","guid":{"rendered":"https:\/\/www.mediclinics.com\/unkategorisiert\/standard-toilet-paper-dispenser-3\/"},"modified":"2026-02-27T12:10:03","modified_gmt":"2026-02-27T11:10:03","slug":"standard-toilettenpapierspender-2","status":"publish","type":"product","link":"https:\/\/www.mediclinics.com\/de\/toilettenpapierspender\/3-rollen\/standard-toilettenpapierspender-2\/","title":{"rendered":"Standard-Toilettenpapierspender"},"content":{"rendered":"<p>Manuelle Toilettenpapierspender f\u00fcr drei Rollen.<\/p>\n<p>\u2022 Bestehend aus einer Nachf\u00fcllklappe und einem einteiligen Geh\u00e4use, zur Wandmontage.<br \/>\n\u2022 Jeweils ein Sichtfenster auf jeder Seite des Geh\u00e4uses zeigt jederzeit die noch vorhandene Toilettenpapiermenge im Spender an.<br \/>\n\u2022Sie verf\u00fcgen \u00fcber ein vandalensicheres \u00d6ffnungssystem an der Vorderseite, das mit einem mitgelieferten Spezialschl\u00fcssel ge\u00f6ffnet wird. F\u00fcr den Einsatz in \u00f6ffentlichen und gewerblichen Einrichtungen geeignet.<\/p>\n","protected":false},"excerpt":{"rendered":"<p>Toilettenpapierspender mit Kapazit\u00e4t f\u00fcr drei Rollen<\/p>\n","protected":false},"featured_media":28032,"comment_status":"closed","ping_status":"closed","template":"","meta":{"_acf_changed":false},"coleccion":[],"product_brand":[],"product_cat":[1216,1214],"product_tag":[],"class_list":{"0":"post-32426","1":"product","2":"type-product","3":"status-publish","4":"has-post-thumbnail","6":"mercado-internacional","7":"product_cat-3-rollen","8":"product_cat-toilettenpapierspender","9":"mediclinics-boxed-content","11":"first","12":"instock","13":"product-type-variable"},"acf":[],"_links":{"self":[{"href":"https:\/\/www.mediclinics.com\/de\/wp-json\/wp\/v2\/product\/32426","targetHints":{"allow":["GET"]}}],"collection":[{"href":"https:\/\/www.mediclinics.com\/de\/wp-json\/wp\/v2\/product"}],"about":[{"href":"https:\/\/www.mediclinics.com\/de\/wp-json\/wp\/v2\/types\/product"}],"replies":[{"embeddable":true,"href":"https:\/\/www.mediclinics.com\/de\/wp-json\/wp\/v2\/comments?post=32426"}],"wp:featuredmedia":[{"embeddable":true,"href":"https:\/\/www.mediclinics.com\/de\/wp-json\/wp\/v2\/media\/28032"}],"wp:attachment":[{"href":"https:\/\/www.mediclinics.com\/de\/wp-json\/wp\/v2\/media?parent=32426"}],"wp:term":[{"taxonomy":"coleccion","embeddable":true,"href":"https:\/\/www.mediclinics.com\/de\/wp-json\/wp\/v2\/coleccion?post=32426"},{"taxonomy":"product_brand","embeddable":true,"href":"https:\/\/www.mediclinics.com\/de\/wp-json\/wp\/v2\/product_brand?post=32426"},{"taxonomy":"product_cat","embeddable":true,"href":"https:\/\/www.mediclinics.com\/de\/wp-json\/wp\/v2\/product_cat?post=32426"},{"taxonomy":"product_tag","embeddable":true,"href":"https:\/\/www.mediclinics.com\/de\/wp-json\/wp\/v2\/product_tag?post=32426"}],"curies":[{"name":"wp","href":"https:\/\/api.w.org\/{rel}","templated":true}]}}