{"id":32457,"date":"2025-09-30T15:45:14","date_gmt":"2025-09-30T13:45:14","guid":{"rendered":"https:\/\/www.mediclinics.com\/unkategorisiert\/industrial-toilet-paper-dispenser-2\/"},"modified":"2026-02-27T12:20:04","modified_gmt":"2026-02-27T11:20:04","slug":"grossrollen-toilettenpapierspender-4","status":"publish","type":"product","link":"https:\/\/www.mediclinics.com\/de\/toilettenpapierspender\/papierhandtuchspender-fuer-innenabrollung\/grossrollen-toilettenpapierspender-4\/","title":{"rendered":"Gro\u00dfrollen-Toilettenpapierspender"},"content":{"rendered":"<p>Manueller, runder Toilettenpapierspender zur Wandmontage.<\/p>\n<p>\u2022 F\u00fcr Gro\u00dfrollen geeignet. Geeignet f\u00fcr Papierrollen mit einem maximalen Durchmesser von 275 mm.<br \/>\n\u2022 Modernes und innovatives Design, das f\u00fcr eine lange Lebensdauer und Vandalensicherheit konzipiert ist.<br \/>\n\u2022 &#8211; Geeignet f\u00fcr sehr h\u00e4ufig frequentierte Toilettenr\u00e4ume. Das Modell ist f\u00fcr \u00f6ffentliche und gewerbliche Einrichtungen geeignet.<\/p>\n","protected":false},"excerpt":{"rendered":"<p>Manueller, runder Toilettenpapierspender zur Wandmontage<\/p>\n","protected":false},"featured_media":28030,"comment_status":"closed","ping_status":"closed","template":"","meta":{"_acf_changed":false},"coleccion":[],"product_brand":[],"product_cat":[1219,1214],"product_tag":[1166],"class_list":{"0":"post-32457","1":"product","2":"type-product","3":"status-publish","4":"has-post-thumbnail","6":"mercado-internacional","7":"product_cat-papierhandtuchspender-fuer-innenabrollung","8":"product_cat-toilettenpapierspender","9":"product_tag-275mm","10":"mediclinics-boxed-content","12":"first","13":"instock","14":"product-type-variable"},"acf":[],"_links":{"self":[{"href":"https:\/\/www.mediclinics.com\/de\/wp-json\/wp\/v2\/product\/32457","targetHints":{"allow":["GET"]}}],"collection":[{"href":"https:\/\/www.mediclinics.com\/de\/wp-json\/wp\/v2\/product"}],"about":[{"href":"https:\/\/www.mediclinics.com\/de\/wp-json\/wp\/v2\/types\/product"}],"replies":[{"embeddable":true,"href":"https:\/\/www.mediclinics.com\/de\/wp-json\/wp\/v2\/comments?post=32457"}],"wp:featuredmedia":[{"embeddable":true,"href":"https:\/\/www.mediclinics.com\/de\/wp-json\/wp\/v2\/media\/28030"}],"wp:attachment":[{"href":"https:\/\/www.mediclinics.com\/de\/wp-json\/wp\/v2\/media?parent=32457"}],"wp:term":[{"taxonomy":"coleccion","embeddable":true,"href":"https:\/\/www.mediclinics.com\/de\/wp-json\/wp\/v2\/coleccion?post=32457"},{"taxonomy":"product_brand","embeddable":true,"href":"https:\/\/www.mediclinics.com\/de\/wp-json\/wp\/v2\/product_brand?post=32457"},{"taxonomy":"product_cat","embeddable":true,"href":"https:\/\/www.mediclinics.com\/de\/wp-json\/wp\/v2\/product_cat?post=32457"},{"taxonomy":"product_tag","embeddable":true,"href":"https:\/\/www.mediclinics.com\/de\/wp-json\/wp\/v2\/product_tag?post=32457"}],"curies":[{"name":"wp","href":"https:\/\/api.w.org\/{rel}","templated":true}]}}