{"id":32466,"date":"2025-09-30T15:45:14","date_gmt":"2025-09-30T13:45:14","guid":{"rendered":"https:\/\/www.mediclinics.com\/unkategorisiert\/industrial-toilet-paper-dispenser-4\/"},"modified":"2026-02-27T12:07:38","modified_gmt":"2026-02-27T11:07:38","slug":"grossrollen-toilettenpapierspender-5","status":"publish","type":"product","link":"https:\/\/www.mediclinics.com\/de\/toilettenpapierspender\/3-rollen\/grossrollen-toilettenpapierspender-5\/","title":{"rendered":"Gro\u00dfrollen-Toilettenpapierspender"},"content":{"rendered":"<p>Spender f\u00fcr 3 Standard-Toilettenpapierrollen<\/p>\n<p>\u2022 F\u00fcr 1 Gro\u00dfrolle mit max. 275 mm Durchmesser, zur Wandmontage, gefertigt aus Edelstahl AISI 304.<br \/>\n\u2022 Die Achse ist mit einer Tr\u00e4gheitsbremse ausgestattet, um die Papierausgabe zu optimieren.<br \/>\n\u2022 Sichtfenster auf der Vorderseite zur Anzeige des Papierf\u00fcllstands<br \/>\n\u2022 Der Toilettenpapierspender verf\u00fcgt \u00fcber ein vandalensicheres \u00d6ffnungssystem an der Oberseite, das mit einem mitgelieferten Spezialschl\u00fcssel ge\u00f6ffnet wird.<\/p>\n","protected":false},"excerpt":{"rendered":"<p>Toilettenpapierspender f\u00fcr 3 Rollen<\/p>\n","protected":false},"featured_media":28042,"comment_status":"closed","ping_status":"closed","template":"","meta":{"_acf_changed":false},"coleccion":[],"product_brand":[],"product_cat":[1216,1214],"product_tag":[1166],"class_list":{"0":"post-32466","1":"product","2":"type-product","3":"status-publish","4":"has-post-thumbnail","6":"mercado-internacional","7":"product_cat-3-rollen","8":"product_cat-toilettenpapierspender","9":"product_tag-275mm","10":"mediclinics-boxed-content","12":"first","13":"instock","14":"product-type-variable"},"acf":[],"_links":{"self":[{"href":"https:\/\/www.mediclinics.com\/de\/wp-json\/wp\/v2\/product\/32466","targetHints":{"allow":["GET"]}}],"collection":[{"href":"https:\/\/www.mediclinics.com\/de\/wp-json\/wp\/v2\/product"}],"about":[{"href":"https:\/\/www.mediclinics.com\/de\/wp-json\/wp\/v2\/types\/product"}],"replies":[{"embeddable":true,"href":"https:\/\/www.mediclinics.com\/de\/wp-json\/wp\/v2\/comments?post=32466"}],"wp:featuredmedia":[{"embeddable":true,"href":"https:\/\/www.mediclinics.com\/de\/wp-json\/wp\/v2\/media\/28042"}],"wp:attachment":[{"href":"https:\/\/www.mediclinics.com\/de\/wp-json\/wp\/v2\/media?parent=32466"}],"wp:term":[{"taxonomy":"coleccion","embeddable":true,"href":"https:\/\/www.mediclinics.com\/de\/wp-json\/wp\/v2\/coleccion?post=32466"},{"taxonomy":"product_brand","embeddable":true,"href":"https:\/\/www.mediclinics.com\/de\/wp-json\/wp\/v2\/product_brand?post=32466"},{"taxonomy":"product_cat","embeddable":true,"href":"https:\/\/www.mediclinics.com\/de\/wp-json\/wp\/v2\/product_cat?post=32466"},{"taxonomy":"product_tag","embeddable":true,"href":"https:\/\/www.mediclinics.com\/de\/wp-json\/wp\/v2\/product_tag?post=32466"}],"curies":[{"name":"wp","href":"https:\/\/api.w.org\/{rel}","templated":true}]}}