{"id":32488,"date":"2025-09-29T18:49:31","date_gmt":"2025-09-29T16:49:31","guid":{"rendered":"https:\/\/www.mediclinics.com\/unkategorisiert\/manual-hair-dryer-individual-use-2\/"},"modified":"2026-03-02T12:35:52","modified_gmt":"2026-03-02T11:35:52","slug":"manueller-haartrockner-zur-individuellen-nutzung-2","status":"publish","type":"product","link":"https:\/\/www.mediclinics.com\/de\/haartrockner\/zur-einzelnutzung\/manueller-haartrockner-zur-individuellen-nutzung-2\/","title":{"rendered":"Manueller Haartrockner zur individuellen Nutzung"},"content":{"rendered":"<p>Hotelhaartrockner zur Wandmontage, der durch Funktionalit\u00e4t, Robustheit und modernes Design \u00fcberzeugt und sich nahtlos in jedes Umfeld integrieren l\u00e4sst.<br \/>\nHighlights:<\/p>\n<p>\u2022 Dieser leistungsstarke und langlebige Haartrockner wird \u00fcber einen Druckknopf am Griff eingeschaltet und bietet eine Gesamtleistung von 1.240\u00a0W.<br \/>\n\u2022 Er liefert warme oder lauwarme Luft in zwei Geschwindigkeiten, einstellbar \u00fcber einen zweistufigen Wahlschalter.<\/p>\n","protected":false},"excerpt":{"rendered":"<p>Manueller Haartrockner f\u00fcr die Wandmontage<\/p>\n","protected":false},"featured_media":27897,"comment_status":"closed","ping_status":"closed","template":"","meta":{"_acf_changed":false},"coleccion":[],"product_brand":[],"product_cat":[1154,1155],"product_tag":[1173],"class_list":{"0":"post-32488","1":"product","2":"type-product","3":"status-publish","4":"has-post-thumbnail","6":"mercado-internacional","7":"product_cat-haartrockner","8":"product_cat-zur-einzelnutzung","9":"product_tag-manuelle-bedienung","10":"mediclinics-boxed-content","12":"first","13":"instock","14":"product-type-variable"},"acf":[],"_links":{"self":[{"href":"https:\/\/www.mediclinics.com\/de\/wp-json\/wp\/v2\/product\/32488","targetHints":{"allow":["GET"]}}],"collection":[{"href":"https:\/\/www.mediclinics.com\/de\/wp-json\/wp\/v2\/product"}],"about":[{"href":"https:\/\/www.mediclinics.com\/de\/wp-json\/wp\/v2\/types\/product"}],"replies":[{"embeddable":true,"href":"https:\/\/www.mediclinics.com\/de\/wp-json\/wp\/v2\/comments?post=32488"}],"wp:featuredmedia":[{"embeddable":true,"href":"https:\/\/www.mediclinics.com\/de\/wp-json\/wp\/v2\/media\/27897"}],"wp:attachment":[{"href":"https:\/\/www.mediclinics.com\/de\/wp-json\/wp\/v2\/media?parent=32488"}],"wp:term":[{"taxonomy":"coleccion","embeddable":true,"href":"https:\/\/www.mediclinics.com\/de\/wp-json\/wp\/v2\/coleccion?post=32488"},{"taxonomy":"product_brand","embeddable":true,"href":"https:\/\/www.mediclinics.com\/de\/wp-json\/wp\/v2\/product_brand?post=32488"},{"taxonomy":"product_cat","embeddable":true,"href":"https:\/\/www.mediclinics.com\/de\/wp-json\/wp\/v2\/product_cat?post=32488"},{"taxonomy":"product_tag","embeddable":true,"href":"https:\/\/www.mediclinics.com\/de\/wp-json\/wp\/v2\/product_tag?post=32488"}],"curies":[{"name":"wp","href":"https:\/\/api.w.org\/{rel}","templated":true}]}}