{"id":32494,"date":"2025-09-29T18:49:31","date_gmt":"2025-09-29T16:49:31","guid":{"rendered":"https:\/\/www.mediclinics.com\/unkategorisiert\/automatic-hair-dryer-shared-use\/"},"modified":"2026-03-02T12:44:37","modified_gmt":"2026-03-02T11:44:37","slug":"automatischer-haartrockner-fuer-oeffentliche-waschraeume","status":"publish","type":"product","link":"https:\/\/www.mediclinics.com\/de\/haartrockner\/fur-gemeinschaftsanlagen\/automatischer-haartrockner-fuer-oeffentliche-waschraeume\/","title":{"rendered":"Automatischer Haartrockner f\u00fcr \u00f6ffentliche Waschr\u00e4ume"},"content":{"rendered":"<p>Automatischer Machflow\u00ae Haartrockner mit flexiblem Schlauch und Geh\u00e4use aus AISI 304 Edelstahl \u2013 speziell f\u00fcr den Einsatz in \u00f6ffentlichen Waschr\u00e4umen entwickelt.<br \/>\nHighlights:<\/p>\n<p>\u2022 Seine innovative Technologie sorgt f\u00fcr erhebliche Energieeinsparungen und eine extrem schnelle Haartrocknung.<br \/>\n\u2022 Maximale Leistung und Luftdurchsatz.<br \/>\n\u2022 Kompakte, besonders langlebige Einheit mit vandalensicheren Eigenschaften.<br \/>\n\u2022 Verf\u00fcgt \u00fcber einen HEPA-Filter, der feste Partikel herausfiltert (Pollen, Staubmilben, Tabakrauch usw.) und somit die Luftqualit\u00e4t deutlich verbessert.<\/p>\n","protected":false},"excerpt":{"rendered":"<p>Automatischer Haartrockner f\u00fcr \u00f6ffentliche Waschr\u00e4ume<\/p>\n","protected":false},"featured_media":27884,"comment_status":"closed","ping_status":"closed","template":"","meta":{"_acf_changed":false},"coleccion":[],"product_brand":[],"product_cat":[1156,1154],"product_tag":[1168],"class_list":{"0":"post-32494","1":"product","2":"type-product","3":"status-publish","4":"has-post-thumbnail","6":"mercado-internacional","7":"product_cat-fur-gemeinschaftsanlagen","8":"product_cat-haartrockner","9":"product_tag-automatischer-antrieb","10":"mediclinics-boxed-content","12":"first","13":"instock","14":"product-type-variable"},"acf":[],"_links":{"self":[{"href":"https:\/\/www.mediclinics.com\/de\/wp-json\/wp\/v2\/product\/32494","targetHints":{"allow":["GET"]}}],"collection":[{"href":"https:\/\/www.mediclinics.com\/de\/wp-json\/wp\/v2\/product"}],"about":[{"href":"https:\/\/www.mediclinics.com\/de\/wp-json\/wp\/v2\/types\/product"}],"replies":[{"embeddable":true,"href":"https:\/\/www.mediclinics.com\/de\/wp-json\/wp\/v2\/comments?post=32494"}],"wp:featuredmedia":[{"embeddable":true,"href":"https:\/\/www.mediclinics.com\/de\/wp-json\/wp\/v2\/media\/27884"}],"wp:attachment":[{"href":"https:\/\/www.mediclinics.com\/de\/wp-json\/wp\/v2\/media?parent=32494"}],"wp:term":[{"taxonomy":"coleccion","embeddable":true,"href":"https:\/\/www.mediclinics.com\/de\/wp-json\/wp\/v2\/coleccion?post=32494"},{"taxonomy":"product_brand","embeddable":true,"href":"https:\/\/www.mediclinics.com\/de\/wp-json\/wp\/v2\/product_brand?post=32494"},{"taxonomy":"product_cat","embeddable":true,"href":"https:\/\/www.mediclinics.com\/de\/wp-json\/wp\/v2\/product_cat?post=32494"},{"taxonomy":"product_tag","embeddable":true,"href":"https:\/\/www.mediclinics.com\/de\/wp-json\/wp\/v2\/product_tag?post=32494"}],"curies":[{"name":"wp","href":"https:\/\/api.w.org\/{rel}","templated":true}]}}