{"id":32504,"date":"2025-09-29T18:49:31","date_gmt":"2025-09-29T16:49:31","guid":{"rendered":"https:\/\/www.mediclinics.com\/unkategorisiert\/automatic-hair-dryer-individual-use\/"},"modified":"2026-03-02T12:22:31","modified_gmt":"2026-03-02T11:22:31","slug":"automatischer-haartrockner-zur-individuellen-nutzung","status":"publish","type":"product","link":"https:\/\/www.mediclinics.com\/de\/haartrockner\/zur-einzelnutzung\/automatischer-haartrockner-zur-individuellen-nutzung\/","title":{"rendered":"Automatischer Haartrockner zur individuellen Nutzung"},"content":{"rendered":"<p>Der Smartflow\u00ae Haartrockner ist ein wandmontiertes Ger\u00e4t, das durch Funktionalit\u00e4t, Robustheit und modernes Design \u00fcberzeugt und sich nahtlos in jedes Umfeld integrieren l\u00e4sst.<br \/>\nHighlights:<\/p>\n<p>\u2022 Er wird automatisch aktiviert, sobald der Griff aus der im Geh\u00e4use integrierten Halterung genommen wird und bietet eine Gesamtleistung von 850\u00a0W.<br \/>\n\u2022 Dieser Haartrockner ist leise und schnelltrocknend und dank seines starken Luftstroms \u00e4u\u00dferst effizient.<\/p>\n","protected":false},"excerpt":{"rendered":"<p>Automatischer Haartrockner f\u00fcr die Wandmontage zur individuellen Nutzung<\/p>\n","protected":false},"featured_media":27885,"comment_status":"closed","ping_status":"closed","template":"","meta":{"_acf_changed":false},"coleccion":[],"product_brand":[],"product_cat":[1154,1155],"product_tag":[1168],"class_list":{"0":"post-32504","1":"product","2":"type-product","3":"status-publish","4":"has-post-thumbnail","6":"mercado-internacional","7":"product_cat-haartrockner","8":"product_cat-zur-einzelnutzung","9":"product_tag-automatischer-antrieb","10":"mediclinics-boxed-content","12":"first","13":"instock","14":"product-type-simple"},"acf":[],"_links":{"self":[{"href":"https:\/\/www.mediclinics.com\/de\/wp-json\/wp\/v2\/product\/32504","targetHints":{"allow":["GET"]}}],"collection":[{"href":"https:\/\/www.mediclinics.com\/de\/wp-json\/wp\/v2\/product"}],"about":[{"href":"https:\/\/www.mediclinics.com\/de\/wp-json\/wp\/v2\/types\/product"}],"replies":[{"embeddable":true,"href":"https:\/\/www.mediclinics.com\/de\/wp-json\/wp\/v2\/comments?post=32504"}],"wp:featuredmedia":[{"embeddable":true,"href":"https:\/\/www.mediclinics.com\/de\/wp-json\/wp\/v2\/media\/27885"}],"wp:attachment":[{"href":"https:\/\/www.mediclinics.com\/de\/wp-json\/wp\/v2\/media?parent=32504"}],"wp:term":[{"taxonomy":"coleccion","embeddable":true,"href":"https:\/\/www.mediclinics.com\/de\/wp-json\/wp\/v2\/coleccion?post=32504"},{"taxonomy":"product_brand","embeddable":true,"href":"https:\/\/www.mediclinics.com\/de\/wp-json\/wp\/v2\/product_brand?post=32504"},{"taxonomy":"product_cat","embeddable":true,"href":"https:\/\/www.mediclinics.com\/de\/wp-json\/wp\/v2\/product_cat?post=32504"},{"taxonomy":"product_tag","embeddable":true,"href":"https:\/\/www.mediclinics.com\/de\/wp-json\/wp\/v2\/product_tag?post=32504"}],"curies":[{"name":"wp","href":"https:\/\/api.w.org\/{rel}","templated":true}]}}