{"id":32521,"date":"2025-07-08T15:26:46","date_gmt":"2025-07-08T13:26:46","guid":{"rendered":"https:\/\/www.mediclinics.com\/unkategorisiert\/juniorplus-automatic-hand-dryer\/"},"modified":"2026-03-09T10:32:59","modified_gmt":"2026-03-09T09:32:59","slug":"automatischer-haendetrockner-juniorplus","status":"publish","type":"product","link":"https:\/\/www.mediclinics.com\/de\/handetrockner\/niedrige-mittelhohe-nutzungsfrequenz\/automatischer-haendetrockner-juniorplus\/","title":{"rendered":"Automatischer H\u00e4ndetrockner Juniorplus"},"content":{"rendered":"<p>Der automatisch bedienbare H\u00e4ndetrockner Junior Plus von Mediclinics ist die ideale L\u00f6sung f\u00fcr alle, die einen leistungsstarken, automatischen H\u00e4ndetrockner zu einem besonders attraktiven Preis suchen.<br \/>\nHighlights:<\/p>\n<p>\u2022 Ausgestattet mit einem wartungsfreien Induktionsmotor und hergestellt aus hochwertigen Materialien.<\/p>\n<p>\u2022 Inklusive elektronischem Infrarotsensor mit einstellbarem Erfassungsbereich zwischen 15 und 25 cm.<\/p>\n","protected":false},"excerpt":{"rendered":"<p>Automatischer H\u00e4ndetrockner Junior Plus von Mediclinics<\/p>\n","protected":false},"featured_media":27468,"comment_status":"closed","ping_status":"closed","template":"","meta":{"_acf_changed":false},"coleccion":[],"product_brand":[],"product_cat":[1196,1198],"product_tag":[1264],"class_list":{"0":"post-32521","1":"product","2":"type-product","3":"status-publish","4":"has-post-thumbnail","6":"mercado-internacional","7":"product_cat-handetrockner","8":"product_cat-niedrige-mittelhohe-nutzungsfrequenz","9":"product_tag-handlich","10":"mediclinics-boxed-content","12":"first","13":"instock","14":"product-type-simple"},"acf":[],"_links":{"self":[{"href":"https:\/\/www.mediclinics.com\/de\/wp-json\/wp\/v2\/product\/32521","targetHints":{"allow":["GET"]}}],"collection":[{"href":"https:\/\/www.mediclinics.com\/de\/wp-json\/wp\/v2\/product"}],"about":[{"href":"https:\/\/www.mediclinics.com\/de\/wp-json\/wp\/v2\/types\/product"}],"replies":[{"embeddable":true,"href":"https:\/\/www.mediclinics.com\/de\/wp-json\/wp\/v2\/comments?post=32521"}],"wp:featuredmedia":[{"embeddable":true,"href":"https:\/\/www.mediclinics.com\/de\/wp-json\/wp\/v2\/media\/27468"}],"wp:attachment":[{"href":"https:\/\/www.mediclinics.com\/de\/wp-json\/wp\/v2\/media?parent=32521"}],"wp:term":[{"taxonomy":"coleccion","embeddable":true,"href":"https:\/\/www.mediclinics.com\/de\/wp-json\/wp\/v2\/coleccion?post=32521"},{"taxonomy":"product_brand","embeddable":true,"href":"https:\/\/www.mediclinics.com\/de\/wp-json\/wp\/v2\/product_brand?post=32521"},{"taxonomy":"product_cat","embeddable":true,"href":"https:\/\/www.mediclinics.com\/de\/wp-json\/wp\/v2\/product_cat?post=32521"},{"taxonomy":"product_tag","embeddable":true,"href":"https:\/\/www.mediclinics.com\/de\/wp-json\/wp\/v2\/product_tag?post=32521"}],"curies":[{"name":"wp","href":"https:\/\/api.w.org\/{rel}","templated":true}]}}